{"id":701938,"date":"2024-10-15T10:28:16","date_gmt":"2024-10-15T08:28:16","guid":{"rendered":"https:\/\/streetmarkets.fr\/app\/produit\/barrette-celeste\/"},"modified":"2024-10-15T10:28:50","modified_gmt":"2024-10-15T08:28:50","slug":"barrette-celeste","status":"publish","type":"product","link":"https:\/\/streetmarkets.fr\/app\/produit\/barrette-celeste\/","title":{"rendered":"Barrette C\u00e9leste"},"content":{"rendered":"<p>Barrette C\u00e9leste Gypso durable et \u00e9thique \u2713 Livraison rapide &amp; paiement en x3 ou x4.<\/p>\n<div class=\"rte\">\n<p class=\"p1\" style=\"font-size:12px;line-height:normal;font-family:'Helvetica Neue';margin:0px\">Cette barrette pince m\u00e8che aux losanges imbriqu\u00e9s sera l&#8217;accessoire \u00e0 porter en toute circonstance, habill\u00e9e comme d\u00e9contract\u00e9e !<\/p>\n<\/div>\n<p class=\"p1\" style=\"margin:0px;font-size:12px;line-height:normal;font-family:'Helvetica Neue'\">Cette barrette pince m\u00e8che aux losanges imbriqu\u00e9s sera l&#8217;accessoire \u00e0 porter en toute circonstance, habill\u00e9e comme d\u00e9contract\u00e9e.<\/p>\n<p class=\"p1\" style=\"margin:0px;font-size:12px;line-height:normal;font-family:'Helvetica Neue'\">On la met et on la remet sans s&#8217;en lasser.<\/p>\n<p class=\"p1\" style=\"margin:0px;font-size:12px;line-height:normal;font-family:'Helvetica Neue'\">\n<p class=\"p1\" style=\"margin:0px;font-size:12px;line-height:normal;font-family:'Helvetica Neue'\">La pince m\u00e8che s&#8217;adapte \u00e0 tous les cheveux, m\u00eame les plus fins.<\/p>\n<p class=\"p2\" style=\"margin:0px;font-size:12px;line-height:normal;font-family:'Helvetica Neue';min-height:14px\">\n<p class=\"p1\" style=\"margin:0px;font-size:12px;line-height:normal;font-family:'Helvetica Neue'\">\u2022 Mati\u00e8re : laiton<\/p>\n<p class=\"p1\" style=\"margin:0px;font-size:12px;line-height:normal;font-family:'Helvetica Neue'\">\u2022 Dimensions : 5 x 3 cm<\/p>\n<p class=\"p1\" style=\"margin:0px;font-size:12px;line-height:normal;font-family:'Helvetica Neue'\">\u2022 Made in France<\/p>\n<p class=\"p2\" style=\"margin:0px;font-size:12px;line-height:normal;font-family:'Helvetica Neue';min-height:14px\">\n<p class=\"p1\" style=\"margin:0px;font-size:12px;line-height:normal;font-family:'Helvetica Neue'\">Marque : Gypso<\/p>\n","protected":false},"excerpt":{"rendered":"<p>Barrette C\u00e9leste Gypso durable et \u00e9thique \u2713 Livraison rapide &amp; paiement en x3 ou x4. Cette barrette pince m\u00e8che aux losanges imbriqu\u00e9s sera l&#8217;accessoire \u00e0 porter en toute circonstance, habill\u00e9e comme d\u00e9contract\u00e9e ! Cette barrette pince m\u00e8che aux losanges imbriqu\u00e9s sera l&#8217;accessoire \u00e0 porter en toute circonstance, habill\u00e9e comme d\u00e9contract\u00e9e. On la met et on [&hellip;]<\/p>\n","protected":false},"featured_media":701939,"comment_status":"open","ping_status":"closed","template":"","meta":[],"product_brand":[],"product_cat":[1756,1764],"product_tag":[2244],"acf":[],"_links":{"self":[{"href":"https:\/\/streetmarkets.fr\/app\/wp-json\/wp\/v2\/product\/701938"}],"collection":[{"href":"https:\/\/streetmarkets.fr\/app\/wp-json\/wp\/v2\/product"}],"about":[{"href":"https:\/\/streetmarkets.fr\/app\/wp-json\/wp\/v2\/types\/product"}],"replies":[{"embeddable":true,"href":"https:\/\/streetmarkets.fr\/app\/wp-json\/wp\/v2\/comments?post=701938"}],"wp:featuredmedia":[{"embeddable":true,"href":"https:\/\/streetmarkets.fr\/app\/wp-json\/wp\/v2\/media\/701939"}],"wp:attachment":[{"href":"https:\/\/streetmarkets.fr\/app\/wp-json\/wp\/v2\/media?parent=701938"}],"wp:term":[{"taxonomy":"product_brand","embeddable":true,"href":"https:\/\/streetmarkets.fr\/app\/wp-json\/wp\/v2\/product_brand?post=701938"},{"taxonomy":"product_cat","embeddable":true,"href":"https:\/\/streetmarkets.fr\/app\/wp-json\/wp\/v2\/product_cat?post=701938"},{"taxonomy":"product_tag","embeddable":true,"href":"https:\/\/streetmarkets.fr\/app\/wp-json\/wp\/v2\/product_tag?post=701938"}],"curies":[{"name":"wp","href":"https:\/\/api.w.org\/{rel}","templated":true}]}}