{"id":701913,"date":"2024-10-15T10:28:15","date_gmt":"2024-10-15T08:28:15","guid":{"rendered":"https:\/\/streetmarkets.fr\/app\/produit\/pantalon-polly-bleu-nuit\/"},"modified":"2024-10-15T10:28:50","modified_gmt":"2024-10-15T08:28:50","slug":"pantalon-polly-bleu-nuit","status":"publish","type":"product","link":"https:\/\/streetmarkets.fr\/app\/produit\/pantalon-polly-bleu-nuit\/","title":{"rendered":"Pantalon Polly bleu nuit"},"content":{"rendered":"<p>Pantalon Polly bleu nuit Almae durable et \u00e9thique \u2713 Livraison rapide &amp; paiement en x3 ou x4.<\/p>\n<div class=\"_2qtYo fggS- cell\" dir=\"ltr\">\n<div class=\"WncCi\">\n<div class=\"_2qtYo fggS- cell\" dir=\"ltr\">\n<div class=\"WncCi\">Pantalon tailleur taille haute \u00e0 pince.<\/div>\n<div class=\"WncCi\"><\/div>\n<div class=\"WncCi\">Ce mod\u00e8le existe en bleu nuit.<\/div>\n<\/div>\n<\/div>\n<\/div>\n<p>Composition : 69% polyester, 29% viscose, 2% elasthanne<\/p>\n<p>Lavage \u00e0 30\u00b0 d\u00e9licat<\/p>\n<p>Marque: Almae<\/p>\n","protected":false},"excerpt":{"rendered":"<p>Pantalon Polly bleu nuit Almae durable et \u00e9thique \u2713 Livraison rapide &amp; paiement en x3 ou x4. Pantalon tailleur taille haute \u00e0 pince. Ce mod\u00e8le existe en bleu nuit. Composition : 69% polyester, 29% viscose, 2% elasthanne Lavage \u00e0 30\u00b0 d\u00e9licat Marque: Almae<\/p>\n","protected":false},"featured_media":701914,"comment_status":"open","ping_status":"closed","template":"","meta":[],"product_brand":[],"product_cat":[1756,1758],"product_tag":[2244],"acf":[],"_links":{"self":[{"href":"https:\/\/streetmarkets.fr\/app\/wp-json\/wp\/v2\/product\/701913"}],"collection":[{"href":"https:\/\/streetmarkets.fr\/app\/wp-json\/wp\/v2\/product"}],"about":[{"href":"https:\/\/streetmarkets.fr\/app\/wp-json\/wp\/v2\/types\/product"}],"replies":[{"embeddable":true,"href":"https:\/\/streetmarkets.fr\/app\/wp-json\/wp\/v2\/comments?post=701913"}],"wp:featuredmedia":[{"embeddable":true,"href":"https:\/\/streetmarkets.fr\/app\/wp-json\/wp\/v2\/media\/701914"}],"wp:attachment":[{"href":"https:\/\/streetmarkets.fr\/app\/wp-json\/wp\/v2\/media?parent=701913"}],"wp:term":[{"taxonomy":"product_brand","embeddable":true,"href":"https:\/\/streetmarkets.fr\/app\/wp-json\/wp\/v2\/product_brand?post=701913"},{"taxonomy":"product_cat","embeddable":true,"href":"https:\/\/streetmarkets.fr\/app\/wp-json\/wp\/v2\/product_cat?post=701913"},{"taxonomy":"product_tag","embeddable":true,"href":"https:\/\/streetmarkets.fr\/app\/wp-json\/wp\/v2\/product_tag?post=701913"}],"curies":[{"name":"wp","href":"https:\/\/api.w.org\/{rel}","templated":true}]}}