{"id":701903,"date":"2024-10-15T10:28:14","date_gmt":"2024-10-15T08:28:14","guid":{"rendered":"https:\/\/streetmarkets.fr\/app\/produit\/pantalon-perine-emeraude\/"},"modified":"2024-10-15T10:28:50","modified_gmt":"2024-10-15T08:28:50","slug":"pantalon-perine-emeraude","status":"publish","type":"product","link":"https:\/\/streetmarkets.fr\/app\/produit\/pantalon-perine-emeraude\/","title":{"rendered":"Pantalon Perine \u00e9meraude"},"content":{"rendered":"<p>Pantalon Perine \u00e9meraude Almae durable et \u00e9thique \u2713 Livraison rapide &amp; paiement en x3 ou x4.<\/p>\n<div class=\"_2qtYo fggS- cell\" dir=\"ltr\">\n<div class=\"WncCi\">\n<div class=\"_2qtYo fggS- cell\" dir=\"ltr\">\n<div class=\"WncCi\">Pantalon tailleur taille haute.<\/div>\n<div class=\"WncCi\"><\/div>\n<div class=\"WncCi\">Ce mod\u00e8le existe en vert \u00e9meraude.<\/div>\n<\/div>\n<\/div>\n<\/div>\n<p>Composition : 98% coton, 2% polyester<\/p>\n<p>Lavage \u00e0 30\u00b0 d\u00e9licat<\/p>\n<p>Marque: Almae<\/p>\n","protected":false},"excerpt":{"rendered":"<p>Pantalon Perine \u00e9meraude Almae durable et \u00e9thique \u2713 Livraison rapide &amp; paiement en x3 ou x4. Pantalon tailleur taille haute. Ce mod\u00e8le existe en vert \u00e9meraude. Composition : 98% coton, 2% polyester Lavage \u00e0 30\u00b0 d\u00e9licat Marque: Almae<\/p>\n","protected":false},"featured_media":701904,"comment_status":"open","ping_status":"closed","template":"","meta":[],"product_brand":[],"product_cat":[1756,1758],"product_tag":[2244],"acf":[],"_links":{"self":[{"href":"https:\/\/streetmarkets.fr\/app\/wp-json\/wp\/v2\/product\/701903"}],"collection":[{"href":"https:\/\/streetmarkets.fr\/app\/wp-json\/wp\/v2\/product"}],"about":[{"href":"https:\/\/streetmarkets.fr\/app\/wp-json\/wp\/v2\/types\/product"}],"replies":[{"embeddable":true,"href":"https:\/\/streetmarkets.fr\/app\/wp-json\/wp\/v2\/comments?post=701903"}],"wp:featuredmedia":[{"embeddable":true,"href":"https:\/\/streetmarkets.fr\/app\/wp-json\/wp\/v2\/media\/701904"}],"wp:attachment":[{"href":"https:\/\/streetmarkets.fr\/app\/wp-json\/wp\/v2\/media?parent=701903"}],"wp:term":[{"taxonomy":"product_brand","embeddable":true,"href":"https:\/\/streetmarkets.fr\/app\/wp-json\/wp\/v2\/product_brand?post=701903"},{"taxonomy":"product_cat","embeddable":true,"href":"https:\/\/streetmarkets.fr\/app\/wp-json\/wp\/v2\/product_cat?post=701903"},{"taxonomy":"product_tag","embeddable":true,"href":"https:\/\/streetmarkets.fr\/app\/wp-json\/wp\/v2\/product_tag?post=701903"}],"curies":[{"name":"wp","href":"https:\/\/api.w.org\/{rel}","templated":true}]}}