{"id":701893,"date":"2024-10-15T10:28:14","date_gmt":"2024-10-15T08:28:14","guid":{"rendered":"https:\/\/streetmarkets.fr\/app\/produit\/jupe-leopard-jasmine\/"},"modified":"2024-10-15T10:28:50","modified_gmt":"2024-10-15T08:28:50","slug":"jupe-leopard-jasmine","status":"publish","type":"product","link":"https:\/\/streetmarkets.fr\/app\/produit\/jupe-leopard-jasmine\/","title":{"rendered":"Jupe l\u00e9opard Jasmine"},"content":{"rendered":"<p>Jupe l\u00e9opard Jasmine Almae durable et \u00e9thique \u2713 Livraison rapide &amp; paiement en x3 ou x4.<\/p>\n<div class=\"_2qtYo fggS- cell\" dir=\"ltr\">\n<div class=\"WncCi\">\n<div class=\"_2qtYo fggS- cell\" dir=\"ltr\">\n<div class=\"WncCi\">Jupe midi pliss\u00e9e, fluide, imprim\u00e9 l\u00e9opard.\u00a0<\/div>\n<div class=\"WncCi\"><\/div>\n<div class=\"WncCi\">Entretien : Lavage \u00e0 30\u00b0 d\u00e9licat<\/div>\n<\/div>\n<\/div>\n<\/div>\n<p>Composition : 100% polyester, doublure 100% viscose<\/p>\n<\/p>\n<p>Marque: Alm\u00e6<\/p>\n","protected":false},"excerpt":{"rendered":"<p>Jupe l\u00e9opard Jasmine Almae durable et \u00e9thique \u2713 Livraison rapide &amp; paiement en x3 ou x4. Jupe midi pliss\u00e9e, fluide, imprim\u00e9 l\u00e9opard.\u00a0 Entretien : Lavage \u00e0 30\u00b0 d\u00e9licat Composition : 100% polyester, doublure 100% viscose Marque: Alm\u00e6<\/p>\n","protected":false},"featured_media":701894,"comment_status":"open","ping_status":"closed","template":"","meta":[],"product_brand":[],"product_cat":[1756,1758],"product_tag":[2244],"acf":[],"_links":{"self":[{"href":"https:\/\/streetmarkets.fr\/app\/wp-json\/wp\/v2\/product\/701893"}],"collection":[{"href":"https:\/\/streetmarkets.fr\/app\/wp-json\/wp\/v2\/product"}],"about":[{"href":"https:\/\/streetmarkets.fr\/app\/wp-json\/wp\/v2\/types\/product"}],"replies":[{"embeddable":true,"href":"https:\/\/streetmarkets.fr\/app\/wp-json\/wp\/v2\/comments?post=701893"}],"wp:featuredmedia":[{"embeddable":true,"href":"https:\/\/streetmarkets.fr\/app\/wp-json\/wp\/v2\/media\/701894"}],"wp:attachment":[{"href":"https:\/\/streetmarkets.fr\/app\/wp-json\/wp\/v2\/media?parent=701893"}],"wp:term":[{"taxonomy":"product_brand","embeddable":true,"href":"https:\/\/streetmarkets.fr\/app\/wp-json\/wp\/v2\/product_brand?post=701893"},{"taxonomy":"product_cat","embeddable":true,"href":"https:\/\/streetmarkets.fr\/app\/wp-json\/wp\/v2\/product_cat?post=701893"},{"taxonomy":"product_tag","embeddable":true,"href":"https:\/\/streetmarkets.fr\/app\/wp-json\/wp\/v2\/product_tag?post=701893"}],"curies":[{"name":"wp","href":"https:\/\/api.w.org\/{rel}","templated":true}]}}