{"id":701879,"date":"2024-10-15T10:28:13","date_gmt":"2024-10-15T08:28:13","guid":{"rendered":"https:\/\/streetmarkets.fr\/app\/produit\/combinaison-coline-au-choix\/"},"modified":"2024-10-15T10:28:50","modified_gmt":"2024-10-15T08:28:50","slug":"combinaison-coline-au-choix","status":"publish","type":"product","link":"https:\/\/streetmarkets.fr\/app\/produit\/combinaison-coline-au-choix\/","title":{"rendered":"Combinaison Coline (au choix)"},"content":{"rendered":"<p>Combinaison Coline (au choix) Almae durable et \u00e9thique \u2713 Livraison rapide &amp; paiement en x3 ou x4.<\/p>\n<div class=\"_2qtYo fggS- cell\" dir=\"ltr\">\n<div class=\"WncCi\">\n<div class=\"_2qtYo fggS- cell\" dir=\"ltr\">\n<div class=\"WncCi\">Combinaison pantalon coupe loose. Elle peut se porter fa\u00e7on loose ou bien ajust\u00e9e \u00e0 la taille en lui ajoutant une ceinture. Manches 3\/4, effet cache-c\u0153ur\u00a0et poches sur les c\u00f4t\u00e9s.<\/div>\n<\/div>\n<\/div>\n<\/div>\n<p>Composition : 95% polyester, 5% \u00e9lasthanne<\/p>\n<p>Lavage \u00e0 30\u00b0 d\u00e9licat<\/p>\n<p>Marque: Alma\u00e9<\/p>\n","protected":false},"excerpt":{"rendered":"<p>Combinaison Coline (au choix) Almae durable et \u00e9thique \u2713 Livraison rapide &amp; paiement en x3 ou x4. Combinaison pantalon coupe loose. Elle peut se porter fa\u00e7on loose ou bien ajust\u00e9e \u00e0 la taille en lui ajoutant une ceinture. Manches 3\/4, effet cache-c\u0153ur\u00a0et poches sur les c\u00f4t\u00e9s. Composition : 95% polyester, 5% \u00e9lasthanne Lavage \u00e0 30\u00b0 [&hellip;]<\/p>\n","protected":false},"featured_media":701880,"comment_status":"open","ping_status":"closed","template":"","meta":[],"product_brand":[],"product_cat":[1756,1758],"product_tag":[2244],"acf":[],"_links":{"self":[{"href":"https:\/\/streetmarkets.fr\/app\/wp-json\/wp\/v2\/product\/701879"}],"collection":[{"href":"https:\/\/streetmarkets.fr\/app\/wp-json\/wp\/v2\/product"}],"about":[{"href":"https:\/\/streetmarkets.fr\/app\/wp-json\/wp\/v2\/types\/product"}],"replies":[{"embeddable":true,"href":"https:\/\/streetmarkets.fr\/app\/wp-json\/wp\/v2\/comments?post=701879"}],"wp:featuredmedia":[{"embeddable":true,"href":"https:\/\/streetmarkets.fr\/app\/wp-json\/wp\/v2\/media\/701880"}],"wp:attachment":[{"href":"https:\/\/streetmarkets.fr\/app\/wp-json\/wp\/v2\/media?parent=701879"}],"wp:term":[{"taxonomy":"product_brand","embeddable":true,"href":"https:\/\/streetmarkets.fr\/app\/wp-json\/wp\/v2\/product_brand?post=701879"},{"taxonomy":"product_cat","embeddable":true,"href":"https:\/\/streetmarkets.fr\/app\/wp-json\/wp\/v2\/product_cat?post=701879"},{"taxonomy":"product_tag","embeddable":true,"href":"https:\/\/streetmarkets.fr\/app\/wp-json\/wp\/v2\/product_tag?post=701879"}],"curies":[{"name":"wp","href":"https:\/\/api.w.org\/{rel}","templated":true}]}}