{"id":701869,"date":"2024-10-15T10:28:12","date_gmt":"2024-10-15T08:28:12","guid":{"rendered":"https:\/\/streetmarkets.fr\/app\/produit\/jupe-en-velours-cotele-jill-au-choix\/"},"modified":"2024-10-15T10:28:50","modified_gmt":"2024-10-15T08:28:50","slug":"jupe-en-velours-cotele-jill-au-choix","status":"publish","type":"product","link":"https:\/\/streetmarkets.fr\/app\/produit\/jupe-en-velours-cotele-jill-au-choix\/","title":{"rendered":"Jupe en velours c\u00f4tel\u00e9 Jill (au choix)"},"content":{"rendered":"<p>Jupe en velours c\u00f4tel\u00e9 Jill (au choix) Almae durable et \u00e9thique \u2713 Livraison rapide &amp; paiement en x3 ou x4.<\/p>\n<div class=\"_2qtYo fggS- cell\" dir=\"ltr\">\n<div class=\"WncCi\">\n<div class=\"_2qtYo fggS- cell\" dir=\"ltr\">\n<div class=\"WncCi\">Jupe trap\u00e8ze en velours c\u00f4tel\u00e9, \u00e0 gros boutons sur l&#8217;avant.\u00a0<\/div>\n<div class=\"WncCi\"><\/div>\n<div class=\"WncCi\">Coloris : Disponible en kaki et \u00e9cru<\/div>\n<div class=\"WncCi\"><\/div>\n<div class=\"WncCi\">Entretien : Lavage \u00e0 30\u00b0 d\u00e9licat<\/div>\n<\/div>\n<\/div>\n<\/div>\n<p>Composition : 100%\u00a0polyester<\/p>\n<\/p>\n<p>Marque: Alm\u00e6<\/p>\n","protected":false},"excerpt":{"rendered":"<p>Jupe en velours c\u00f4tel\u00e9 Jill (au choix) Almae durable et \u00e9thique \u2713 Livraison rapide &amp; paiement en x3 ou x4. Jupe trap\u00e8ze en velours c\u00f4tel\u00e9, \u00e0 gros boutons sur l&#8217;avant.\u00a0 Coloris : Disponible en kaki et \u00e9cru Entretien : Lavage \u00e0 30\u00b0 d\u00e9licat Composition : 100%\u00a0polyester Marque: Alm\u00e6<\/p>\n","protected":false},"featured_media":701870,"comment_status":"open","ping_status":"closed","template":"","meta":[],"product_brand":[],"product_cat":[1756,1758],"product_tag":[2244],"acf":[],"_links":{"self":[{"href":"https:\/\/streetmarkets.fr\/app\/wp-json\/wp\/v2\/product\/701869"}],"collection":[{"href":"https:\/\/streetmarkets.fr\/app\/wp-json\/wp\/v2\/product"}],"about":[{"href":"https:\/\/streetmarkets.fr\/app\/wp-json\/wp\/v2\/types\/product"}],"replies":[{"embeddable":true,"href":"https:\/\/streetmarkets.fr\/app\/wp-json\/wp\/v2\/comments?post=701869"}],"wp:featuredmedia":[{"embeddable":true,"href":"https:\/\/streetmarkets.fr\/app\/wp-json\/wp\/v2\/media\/701870"}],"wp:attachment":[{"href":"https:\/\/streetmarkets.fr\/app\/wp-json\/wp\/v2\/media?parent=701869"}],"wp:term":[{"taxonomy":"product_brand","embeddable":true,"href":"https:\/\/streetmarkets.fr\/app\/wp-json\/wp\/v2\/product_brand?post=701869"},{"taxonomy":"product_cat","embeddable":true,"href":"https:\/\/streetmarkets.fr\/app\/wp-json\/wp\/v2\/product_cat?post=701869"},{"taxonomy":"product_tag","embeddable":true,"href":"https:\/\/streetmarkets.fr\/app\/wp-json\/wp\/v2\/product_tag?post=701869"}],"curies":[{"name":"wp","href":"https:\/\/api.w.org\/{rel}","templated":true}]}}