{"id":701826,"date":"2024-10-15T10:28:10","date_gmt":"2024-10-15T08:28:10","guid":{"rendered":"https:\/\/streetmarkets.fr\/app\/produit\/pantalon-daumesnil-camel\/"},"modified":"2024-10-15T10:28:49","modified_gmt":"2024-10-15T08:28:49","slug":"pantalon-daumesnil-camel","status":"publish","type":"product","link":"https:\/\/streetmarkets.fr\/app\/produit\/pantalon-daumesnil-camel\/","title":{"rendered":"Pantalon Daumesnil camel"},"content":{"rendered":"<p>Pantalon Daumesnil camel Grace &amp; Mila durable et \u00e9thique \u2713 Livraison rapide &amp; paiement en x3 ou x4.<\/p>\n<p><span style=\"font-family:'Helvetica Neue';font-size:12px\">Ce pantalon d&#8217;inspiration r\u00e9tro est une pi\u00e8ce hyper mode ! Une pi\u00e8ce \u00e0 la fois intemporelle et tendance pour un look boyish et pointu.<\/span><\/p>\n<div class=\"_2qtYo fggS- cell\" dir=\"ltr\">\n<div class=\"WncCi\">\n<p class=\"p1\" style=\"margin:0px;font-size:12px;line-height:normal;font-family:'Helvetica Neue'\">La coupe : DAUMESNIL est un pantalon large, taille haute, longueur 7\/8e, avec des passants de ceinture, des pinces sur le devant, une fermeture \u00e9clair et des poches italiennes.<\/p>\n<p class=\"p2\" style=\"margin:0px;font-size:12px;line-height:normal;font-family:'Helvetica Neue';min-height:14px\">\n<p class=\"p1\" style=\"margin:0px;font-size:12px;line-height:normal;font-family:'Helvetica Neue'\">La silhouette : Ce pantalon d&#8217;inspiration r\u00e9tro est une pi\u00e8ce hyper mode ! On aime sa taille haute et le d\u00e9tail des pinces sur le devant qui mettent la silhouette en valeur \u00e0 merveille. Une pi\u00e8ce \u00e0 la fois intemporelle et tendance pour un look boyish et pointu.<\/p>\n<p class=\"p2\" style=\"margin:0px;font-size:12px;line-height:normal;font-family:'Helvetica Neue';min-height:14px\">\n<p class=\"p1\" style=\"margin:0px;font-size:12px;line-height:normal;font-family:'Helvetica Neue'\">On aime le porter avec : Un top en maille c\u00f4tel\u00e9, un pull col V en superposition et une paire de mocassins pour un total look vintage vraiment canon !<\/p>\n<p class=\"p2\" style=\"margin:0px;font-size:12px;line-height:normal;font-family:'Helvetica Neue';min-height:14px\">\n<p class=\"p1\" style=\"margin:0px;font-size:12px;line-height:normal;font-family:'Helvetica Neue'\">Le conseil sizing: Prenez votre taille habituelle.<\/p>\n<p class=\"p1\" style=\"margin:0px;font-size:12px;line-height:normal;font-family:'Helvetica Neue'\">\n<p class=\"p1\" style=\"margin:0px;font-size:12px;line-height:normal;font-family:'Helvetica Neue'\">Mati\u00e8re :\u00a0 95\u00a0%\u00a0polyester, 5 % elasthanne<\/p>\n<p class=\"p1\" style=\"margin:0px;font-size:12px;line-height:normal;font-family:'Helvetica Neue'\">\n<\/div>\n<\/div>\n<p>Marque: Grace &amp; Mila<\/p>\n","protected":false},"excerpt":{"rendered":"<p>Pantalon Daumesnil camel Grace &amp; Mila durable et \u00e9thique \u2713 Livraison rapide &amp; paiement en x3 ou x4. Ce pantalon d&#8217;inspiration r\u00e9tro est une pi\u00e8ce hyper mode ! Une pi\u00e8ce \u00e0 la fois intemporelle et tendance pour un look boyish et pointu. La coupe : DAUMESNIL est un pantalon large, taille haute, longueur 7\/8e, avec [&hellip;]<\/p>\n","protected":false},"featured_media":701827,"comment_status":"open","ping_status":"closed","template":"","meta":[],"product_brand":[],"product_cat":[1756,1758],"product_tag":[2244],"acf":[],"_links":{"self":[{"href":"https:\/\/streetmarkets.fr\/app\/wp-json\/wp\/v2\/product\/701826"}],"collection":[{"href":"https:\/\/streetmarkets.fr\/app\/wp-json\/wp\/v2\/product"}],"about":[{"href":"https:\/\/streetmarkets.fr\/app\/wp-json\/wp\/v2\/types\/product"}],"replies":[{"embeddable":true,"href":"https:\/\/streetmarkets.fr\/app\/wp-json\/wp\/v2\/comments?post=701826"}],"wp:featuredmedia":[{"embeddable":true,"href":"https:\/\/streetmarkets.fr\/app\/wp-json\/wp\/v2\/media\/701827"}],"wp:attachment":[{"href":"https:\/\/streetmarkets.fr\/app\/wp-json\/wp\/v2\/media?parent=701826"}],"wp:term":[{"taxonomy":"product_brand","embeddable":true,"href":"https:\/\/streetmarkets.fr\/app\/wp-json\/wp\/v2\/product_brand?post=701826"},{"taxonomy":"product_cat","embeddable":true,"href":"https:\/\/streetmarkets.fr\/app\/wp-json\/wp\/v2\/product_cat?post=701826"},{"taxonomy":"product_tag","embeddable":true,"href":"https:\/\/streetmarkets.fr\/app\/wp-json\/wp\/v2\/product_tag?post=701826"}],"curies":[{"name":"wp","href":"https:\/\/api.w.org\/{rel}","templated":true}]}}