{"id":701808,"date":"2024-10-15T10:28:09","date_gmt":"2024-10-15T08:28:09","guid":{"rendered":"https:\/\/streetmarkets.fr\/app\/produit\/pantalon-en-velours-daniel-plusieurs-couleurs\/"},"modified":"2024-10-15T10:28:49","modified_gmt":"2024-10-15T08:28:49","slug":"pantalon-en-velours-daniel-plusieurs-couleurs","status":"publish","type":"product","link":"https:\/\/streetmarkets.fr\/app\/produit\/pantalon-en-velours-daniel-plusieurs-couleurs\/","title":{"rendered":"Pantalon en velours Daniel (plusieurs couleurs)"},"content":{"rendered":"<p>Pantalon en velours Daniel (plusieurs couleurs) Grace &amp; Mila durable et \u00e9thique \u2713 Livraison rapide &amp; paiement en x3 ou x4.<\/p>\n<p><span style=\"font-family:'Helvetica Neue';font-size:12px\">Facile \u00e0 porter et associer pour cr\u00e9er des tenues p\u00e9tillantes, cette pi\u00e8ce d&#8217;inspiration vintage est une valeur s\u00fbre. Laissez-vous\u00a0tenter par DANIEL !<\/span><\/p>\n<div class=\"_2qtYo fggS- cell\" dir=\"ltr\">\n<div class=\"WncCi\">\n<p class=\"p1\" style=\"margin:0px;font-size:12px;line-height:normal;font-family:'Helvetica Neue'\">La coupe : DANIEL est un pantalon large 7\/8e en velours c\u00f4tel\u00e9, taille haute, avec deux poches plaqu\u00e9es sur le devant et une poche plaqu\u00e9e \u00e0 l&#8217;arri\u00e8re.<\/p>\n<p class=\"p2\" style=\"margin:0px;font-size:12px;line-height:normal;font-family:'Helvetica Neue';min-height:14px\">\n<p class=\"p1\" style=\"margin:0px;font-size:12px;line-height:normal;font-family:'Helvetica Neue'\">La silhouette : Ce joli pantalon en velours finement c\u00f4tel\u00e9 coupe droite est un des must-have de la saison ! Facile \u00e0 porter et \u00e0 associer pour cr\u00e9er des tenues p\u00e9tillantes, cette pi\u00e8ce d&#8217;inspiration vintage est une valeur s\u00fbre. Laissez-vous s\u00e9duire par DANIEL !<\/p>\n<p class=\"p2\" style=\"margin:0px;font-size:12px;line-height:normal;font-family:'Helvetica Neue';min-height:14px\">\n<p class=\"p1\" style=\"margin:0px;font-size:12px;line-height:normal;font-family:'Helvetica Neue'\">On aime le porter avec : Un tee-shirt \u00e0 message, une paire de baskets old school et des chausettes apparentes pour un look boyish et sporty, tellement canon !<\/p>\n<p class=\"p2\" style=\"margin:0px;font-size:12px;line-height:normal;font-family:'Helvetica Neue';min-height:14px\">\n<p class=\"p1\" style=\"margin:0px;font-size:12px;line-height:normal;font-family:'Helvetica Neue'\">Le conseil sizing : DANIEL est un pantalon \u00e9vas\u00e9, prenez votre taille habituelle.<\/p>\n<p class=\"p1\" style=\"margin:0px;font-size:12px;line-height:normal;font-family:'Helvetica Neue'\">\n<p class=\"p1\" style=\"margin:0px;font-size:12px;line-height:normal;font-family:'Helvetica Neue'\">Mati\u00e8re :\u00a0 100 % coton<\/p>\n<p class=\"p1\" style=\"margin:0px;font-size:12px;line-height:normal;font-family:'Helvetica Neue'\">\n<\/div>\n<\/div>\n<p>Marque: Grace &amp; Mila<\/p>\n","protected":false},"excerpt":{"rendered":"<p>Pantalon en velours Daniel (plusieurs couleurs) Grace &amp; Mila durable et \u00e9thique \u2713 Livraison rapide &amp; paiement en x3 ou x4. Facile \u00e0 porter et associer pour cr\u00e9er des tenues p\u00e9tillantes, cette pi\u00e8ce d&#8217;inspiration vintage est une valeur s\u00fbre. Laissez-vous\u00a0tenter par DANIEL ! La coupe : DANIEL est un pantalon large 7\/8e en velours c\u00f4tel\u00e9, [&hellip;]<\/p>\n","protected":false},"featured_media":701809,"comment_status":"open","ping_status":"closed","template":"","meta":[],"product_brand":[],"product_cat":[1756,1758],"product_tag":[2244],"acf":[],"_links":{"self":[{"href":"https:\/\/streetmarkets.fr\/app\/wp-json\/wp\/v2\/product\/701808"}],"collection":[{"href":"https:\/\/streetmarkets.fr\/app\/wp-json\/wp\/v2\/product"}],"about":[{"href":"https:\/\/streetmarkets.fr\/app\/wp-json\/wp\/v2\/types\/product"}],"replies":[{"embeddable":true,"href":"https:\/\/streetmarkets.fr\/app\/wp-json\/wp\/v2\/comments?post=701808"}],"wp:featuredmedia":[{"embeddable":true,"href":"https:\/\/streetmarkets.fr\/app\/wp-json\/wp\/v2\/media\/701809"}],"wp:attachment":[{"href":"https:\/\/streetmarkets.fr\/app\/wp-json\/wp\/v2\/media?parent=701808"}],"wp:term":[{"taxonomy":"product_brand","embeddable":true,"href":"https:\/\/streetmarkets.fr\/app\/wp-json\/wp\/v2\/product_brand?post=701808"},{"taxonomy":"product_cat","embeddable":true,"href":"https:\/\/streetmarkets.fr\/app\/wp-json\/wp\/v2\/product_cat?post=701808"},{"taxonomy":"product_tag","embeddable":true,"href":"https:\/\/streetmarkets.fr\/app\/wp-json\/wp\/v2\/product_tag?post=701808"}],"curies":[{"name":"wp","href":"https:\/\/api.w.org\/{rel}","templated":true}]}}