{"id":701803,"date":"2024-10-15T10:28:08","date_gmt":"2024-10-15T08:28:08","guid":{"rendered":"https:\/\/streetmarkets.fr\/app\/produit\/cardigan-damira-beige\/"},"modified":"2024-10-15T10:28:49","modified_gmt":"2024-10-15T08:28:49","slug":"cardigan-damira-beige","status":"publish","type":"product","link":"https:\/\/streetmarkets.fr\/app\/produit\/cardigan-damira-beige\/","title":{"rendered":"Cardigan Damira beige"},"content":{"rendered":"<p>Cardigan Damira beige Grace &amp; Mila durable et \u00e9thique \u2713 Livraison rapide &amp; paiement en x3 ou x4.<\/p>\n<p><span style=\"font-family:'Helvetica Neue';font-size:12px\">Gros coup de coeur pour ce long cardigan en maille c\u00f4tel\u00e9e que l&#8217;on peut \u00e9galement porter en robe une fois tout boutonn\u00e9 !<\/span><\/p>\n<div class=\"_2qtYo fggS- cell\" dir=\"ltr\">\n<div class=\"WncCi\">\n<p class=\"p1\" style=\"margin:0px;font-size:12px;line-height:normal;font-family:'Helvetica Neue'\">La coupe : DAMIRA est un long cardigan en maille c\u00f4tel\u00e9e \u00e0 manches longues avec une encolure en V et une patte de boutonnage sur le devant.<\/p>\n<p class=\"p2\" style=\"margin:0px;font-size:12px;line-height:normal;font-family:'Helvetica Neue';min-height:14px\">\n<p class=\"p1\" style=\"margin:0px;font-size:12px;line-height:normal;font-family:'Helvetica Neue'\">La silhouette : Juste WOW ! Gros coup de coeur pour ce long cardigan en maille c\u00f4tel\u00e9e que l&#8217;on peut \u00e9galement porter en robe une fois tout boutonn\u00e9. On aime le potentiel illimit\u00e9 de cette pi\u00e8ce qui offre de nombreuses possibilit\u00e9s de silhouettes diff\u00e9rentes. Osez DAMIRA !<\/p>\n<p class=\"p2\" style=\"margin:0px;font-size:12px;line-height:normal;font-family:'Helvetica Neue';min-height:14px\">\n<p class=\"p1\" style=\"margin:0px;font-size:12px;line-height:normal;font-family:'Helvetica Neue'\">On aime le porter avec : Le pantalon en maille c\u00f4tel\u00e9e assorti et une veste en laine style b\u00fbcheron oversize, pour un look sporty chic tellement tendance.<\/p>\n<p class=\"p2\" style=\"margin:0px;font-size:12px;line-height:normal;font-family:'Helvetica Neue';min-height:14px\">\n<p class=\"p1\" style=\"margin:0px;font-size:12px;line-height:normal;font-family:'Helvetica Neue'\">Le conseil sizing : DAMIRA est un cardigan pr\u00e8s du corps, prenez votre taille habituelle.<\/p>\n<\/div>\n<div class=\"WncCi\">\n<div class=\"WncCi\"><\/div>\n<div class=\"WncCi\">Mati\u00e8re : 68% Acrylique 12% Polyester 11% Nylon 6% Laine 3% Elasthanne<\/div>\n<div class=\"WncCi\"><\/div>\n<\/div>\n<\/div>\n<p>Marque: Grace &amp; Mila<\/p>\n","protected":false},"excerpt":{"rendered":"<p>Cardigan Damira beige Grace &amp; Mila durable et \u00e9thique \u2713 Livraison rapide &amp; paiement en x3 ou x4. Gros coup de coeur pour ce long cardigan en maille c\u00f4tel\u00e9e que l&#8217;on peut \u00e9galement porter en robe une fois tout boutonn\u00e9 ! La coupe : DAMIRA est un long cardigan en maille c\u00f4tel\u00e9e \u00e0 manches longues [&hellip;]<\/p>\n","protected":false},"featured_media":701804,"comment_status":"open","ping_status":"closed","template":"","meta":[],"product_brand":[],"product_cat":[1756,1758],"product_tag":[2244],"acf":[],"_links":{"self":[{"href":"https:\/\/streetmarkets.fr\/app\/wp-json\/wp\/v2\/product\/701803"}],"collection":[{"href":"https:\/\/streetmarkets.fr\/app\/wp-json\/wp\/v2\/product"}],"about":[{"href":"https:\/\/streetmarkets.fr\/app\/wp-json\/wp\/v2\/types\/product"}],"replies":[{"embeddable":true,"href":"https:\/\/streetmarkets.fr\/app\/wp-json\/wp\/v2\/comments?post=701803"}],"wp:featuredmedia":[{"embeddable":true,"href":"https:\/\/streetmarkets.fr\/app\/wp-json\/wp\/v2\/media\/701804"}],"wp:attachment":[{"href":"https:\/\/streetmarkets.fr\/app\/wp-json\/wp\/v2\/media?parent=701803"}],"wp:term":[{"taxonomy":"product_brand","embeddable":true,"href":"https:\/\/streetmarkets.fr\/app\/wp-json\/wp\/v2\/product_brand?post=701803"},{"taxonomy":"product_cat","embeddable":true,"href":"https:\/\/streetmarkets.fr\/app\/wp-json\/wp\/v2\/product_cat?post=701803"},{"taxonomy":"product_tag","embeddable":true,"href":"https:\/\/streetmarkets.fr\/app\/wp-json\/wp\/v2\/product_tag?post=701803"}],"curies":[{"name":"wp","href":"https:\/\/api.w.org\/{rel}","templated":true}]}}