{"id":701786,"date":"2024-10-15T10:28:07","date_gmt":"2024-10-15T08:28:07","guid":{"rendered":"https:\/\/streetmarkets.fr\/app\/produit\/chaussettes-chrysler-plusieurs-couleurs\/"},"modified":"2024-10-15T10:28:49","modified_gmt":"2024-10-15T08:28:49","slug":"chaussettes-chrysler-plusieurs-couleurs","status":"publish","type":"product","link":"https:\/\/streetmarkets.fr\/app\/produit\/chaussettes-chrysler-plusieurs-couleurs\/","title":{"rendered":"Chaussettes Chrysler (plusieurs couleurs)"},"content":{"rendered":"<p>Chaussettes Chrysler (plusieurs couleurs) Atelier St-Eustache durable et \u00e9thique \u2713 Livraison rapide &amp; paiement en x3 ou x4.<\/p>\n<p><span style=\"font-family:'Helvetica Neue';font-size:12px\">Transparentes avec une touche paillet\u00e9e, ces chaussettes\u00a0<\/span>inspir\u00e9es de la Chrysler building s<span style=\"font-family:'Helvetica Neue';font-size:12px\">e marieront parfaitement\u00a0avec des baskets blanches !<\/span><\/p>\n<div id=\"product-description-tab-content\" class=\"product-description-tab-content tab-pane active\">\n<div class=\"rte\">\n<div class=\"product-description-tab-content tab-pane active\">\n<div class=\"rte\">\n<p class=\"p1\"><span><span>Retrouvez les chaussettes transparentes de la brillantissime Violette, cr\u00e9atrice parisienne de la marque St Eustache.<\/span><\/span><\/p>\n<p class=\"p1\">Une marque haut de gamme, qui vise \u00e0 anoblir un v\u00eatement devenu insignifiant, en alliant esth\u00e9tisme, confort et r\u00e9sistance.\u00a0<\/p>\n<p>L\u2019\u00c9l\u00e9gance \u00e0 la fran\u00e7aise revisit\u00e9e gr\u00e2ce \u00e0 l\u2019inspiration d\u2019autres cultures et univers architecturaux et artistiques.<\/p>\n<p>Et pourquoi ST EUSTACHE ? Parce que c\u2019est l\u2019anagramme de CHAUSSETTE. on adore!<\/p>\n<p class=\"p1\" style=\"margin:0px;font-size:12px;line-height:normal;font-family:'Helvetica Neue';text-align:left\">Transparentes avec une touche de paillettes, ces belles\u00a0et surprenantes chaussettes se marieront parfaitement au look baskets blanches et jupe, ou derbies\u00a0noires et pantalon cigare. Ce mod\u00e8le est inspir\u00e9 du style Art-D\u00e9co du Chrysler building de\u00a0New York.<\/p>\n<p class=\"p1\"><span class=\"s1\">Retrouvez les autres mod\u00e8les et collections (Tokyo, Londres, New York)<\/span><span class=\"s1\"> sur notre eshop .<\/span><strong><span class=\"s1\"><br \/><\/span><\/strong><\/p>\n<p class=\"p1\"><span class=\"s1\"><b>COMPOSITION<\/b> : <\/span><span>coton et polyamide<br \/><\/span><\/p>\n<p class=\"p1\"><span class=\"s1\"><b>GUIDE DES TAILLES<\/b>\u00a0:\u00a0 36\/38 et 39\/41<br \/><\/span><\/p>\n<p class=\"p1\"><span class=\"s1\"><b>CONSEILS D&#8217;ENTRETIEN<\/b>\u00a0: Lavable en machine \u00e0 30\u00b0 avec un programme d\u00e9licat, et utilisation d&#8217;un pochon\u00a0recommand\u00e9.<span class=\"Apple-converted-space\">\u00a0<\/span><\/span><\/p>\n<p class=\"p1\"><span class=\"s1\">Imagin\u00e9es en France, fabriqu\u00e9es en Italie.<\/span><\/p>\n<\/div>\n<\/div>\n<\/div>\n<\/div>\n","protected":false},"excerpt":{"rendered":"<p>Chaussettes Chrysler (plusieurs couleurs) Atelier St-Eustache durable et \u00e9thique \u2713 Livraison rapide &amp; paiement en x3 ou x4. Transparentes avec une touche paillet\u00e9e, ces chaussettes\u00a0inspir\u00e9es de la Chrysler building se marieront parfaitement\u00a0avec des baskets blanches ! Retrouvez les chaussettes transparentes de la brillantissime Violette, cr\u00e9atrice parisienne de la marque St Eustache. Une marque haut de [&hellip;]<\/p>\n","protected":false},"featured_media":701787,"comment_status":"open","ping_status":"closed","template":"","meta":[],"product_brand":[],"product_cat":[1756,1764],"product_tag":[2244],"acf":[],"_links":{"self":[{"href":"https:\/\/streetmarkets.fr\/app\/wp-json\/wp\/v2\/product\/701786"}],"collection":[{"href":"https:\/\/streetmarkets.fr\/app\/wp-json\/wp\/v2\/product"}],"about":[{"href":"https:\/\/streetmarkets.fr\/app\/wp-json\/wp\/v2\/types\/product"}],"replies":[{"embeddable":true,"href":"https:\/\/streetmarkets.fr\/app\/wp-json\/wp\/v2\/comments?post=701786"}],"wp:featuredmedia":[{"embeddable":true,"href":"https:\/\/streetmarkets.fr\/app\/wp-json\/wp\/v2\/media\/701787"}],"wp:attachment":[{"href":"https:\/\/streetmarkets.fr\/app\/wp-json\/wp\/v2\/media?parent=701786"}],"wp:term":[{"taxonomy":"product_brand","embeddable":true,"href":"https:\/\/streetmarkets.fr\/app\/wp-json\/wp\/v2\/product_brand?post=701786"},{"taxonomy":"product_cat","embeddable":true,"href":"https:\/\/streetmarkets.fr\/app\/wp-json\/wp\/v2\/product_cat?post=701786"},{"taxonomy":"product_tag","embeddable":true,"href":"https:\/\/streetmarkets.fr\/app\/wp-json\/wp\/v2\/product_tag?post=701786"}],"curies":[{"name":"wp","href":"https:\/\/api.w.org\/{rel}","templated":true}]}}