{"id":701758,"date":"2024-10-15T10:28:06","date_gmt":"2024-10-15T08:28:06","guid":{"rendered":"https:\/\/streetmarkets.fr\/app\/produit\/pince-a-cheveux-bouche\/"},"modified":"2024-10-15T10:28:48","modified_gmt":"2024-10-15T08:28:48","slug":"pince-a-cheveux-bouche","status":"publish","type":"product","link":"https:\/\/streetmarkets.fr\/app\/produit\/pince-a-cheveux-bouche\/","title":{"rendered":"Pince \u00e0 cheveux Bouche"},"content":{"rendered":"<p>Pince \u00e0 cheveux Bouche Coucou Suzette durable et \u00e9thique \u2713 Livraison rapide &amp; paiement en x3 ou x4.<\/p>\n<div class=\"rte\">Belle barrette en forme de bouche rouge pulpeuse \u00e0 souhait \u00e0 clipser dans vos cheveux pour \u00e9gayer une tenue un poil trop sage.<\/div>\n<div id=\"product-description-tab-content\" class=\"product-description-tab-content tab-pane active\">\n<div class=\"rte\">Belle barrette en forme de bouche rouge pulpeuse \u00e0 souhait \u00e0 clipser dans vos cheveux pour \u00e9gayer une tenue un poil trop sage.Barrette \u00e0 cheveux kitsch et rigolote faite \u00e0 partir d\u2019acetate de cellulose rouge iris\u00e9e recycl\u00e9e &amp; biod\u00e9gradable (eco-friendly).<\/div>\n<div class=\"rte\"><\/div>\n<p>Marque : Coucou Suzette<\/p><\/div>\n","protected":false},"excerpt":{"rendered":"<p>Pince \u00e0 cheveux Bouche Coucou Suzette durable et \u00e9thique \u2713 Livraison rapide &amp; paiement en x3 ou x4. Belle barrette en forme de bouche rouge pulpeuse \u00e0 souhait \u00e0 clipser dans vos cheveux pour \u00e9gayer une tenue un poil trop sage. Belle barrette en forme de bouche rouge pulpeuse \u00e0 souhait \u00e0 clipser dans vos [&hellip;]<\/p>\n","protected":false},"featured_media":701759,"comment_status":"open","ping_status":"closed","template":"","meta":[],"product_brand":[],"product_cat":[1756,1764],"product_tag":[2244],"acf":[],"_links":{"self":[{"href":"https:\/\/streetmarkets.fr\/app\/wp-json\/wp\/v2\/product\/701758"}],"collection":[{"href":"https:\/\/streetmarkets.fr\/app\/wp-json\/wp\/v2\/product"}],"about":[{"href":"https:\/\/streetmarkets.fr\/app\/wp-json\/wp\/v2\/types\/product"}],"replies":[{"embeddable":true,"href":"https:\/\/streetmarkets.fr\/app\/wp-json\/wp\/v2\/comments?post=701758"}],"wp:featuredmedia":[{"embeddable":true,"href":"https:\/\/streetmarkets.fr\/app\/wp-json\/wp\/v2\/media\/701759"}],"wp:attachment":[{"href":"https:\/\/streetmarkets.fr\/app\/wp-json\/wp\/v2\/media?parent=701758"}],"wp:term":[{"taxonomy":"product_brand","embeddable":true,"href":"https:\/\/streetmarkets.fr\/app\/wp-json\/wp\/v2\/product_brand?post=701758"},{"taxonomy":"product_cat","embeddable":true,"href":"https:\/\/streetmarkets.fr\/app\/wp-json\/wp\/v2\/product_cat?post=701758"},{"taxonomy":"product_tag","embeddable":true,"href":"https:\/\/streetmarkets.fr\/app\/wp-json\/wp\/v2\/product_tag?post=701758"}],"curies":[{"name":"wp","href":"https:\/\/api.w.org\/{rel}","templated":true}]}}