{"id":701710,"date":"2024-10-15T10:28:03","date_gmt":"2024-10-15T08:28:03","guid":{"rendered":"https:\/\/streetmarkets.fr\/app\/produit\/combi-woopie-blanche\/"},"modified":"2024-10-15T10:28:48","modified_gmt":"2024-10-15T08:28:48","slug":"combi-woopie-blanche","status":"publish","type":"product","link":"https:\/\/streetmarkets.fr\/app\/produit\/combi-woopie-blanche\/","title":{"rendered":"Combi Woopie blanche"},"content":{"rendered":"<p>Combi Woopie blanche Mamamushi Studio durable et \u00e9thique \u2713 Livraison rapide &amp; paiement en x3 ou x4.<\/p>\n<p>Combinaison pantalon 100% coton.<\/p>\n<p>Col tailleur. Ceintur\u00e9e au niveau de la taille.<br \/>Poches invisibles sur les c\u00f4t\u00e9s.<br \/>D\u00e9coupe au niveau du dos.<\/p>\n<p>Poches invisibles sur les c\u00f4t\u00e9s.<\/p>\n<p>D\u00e9coupe au niveau du dos<\/p>\n<p>Ne d\u00e9teint pas.<\/p>\n<p>Lavage en machine : 30\u00b0C conseill\u00e9 <\/p>\n<p>Cette pi\u00e8ce est confectionn\u00e9e dans un petit atelier de Jaipur avec qui nous travaillons depuis plus de 5 ans.<\/p>\n<p>Toutes les pi\u00e8ces Mamamushi sont con\u00e7ues en collaboration avec des ateliers, des artisans et des prestataires qui travaillent avec la m\u00eame philosophie que nous: Penser \u00e9thique et \u00e9quitable.<\/p>\n","protected":false},"excerpt":{"rendered":"<p>Combi Woopie blanche Mamamushi Studio durable et \u00e9thique \u2713 Livraison rapide &amp; paiement en x3 ou x4. Combinaison pantalon 100% coton. Col tailleur. Ceintur\u00e9e au niveau de la taille.Poches invisibles sur les c\u00f4t\u00e9s.D\u00e9coupe au niveau du dos. Poches invisibles sur les c\u00f4t\u00e9s. D\u00e9coupe au niveau du dos Ne d\u00e9teint pas. Lavage en machine : 30\u00b0C [&hellip;]<\/p>\n","protected":false},"featured_media":701711,"comment_status":"open","ping_status":"closed","template":"","meta":[],"product_brand":[],"product_cat":[1756,1758],"product_tag":[2244],"acf":[],"_links":{"self":[{"href":"https:\/\/streetmarkets.fr\/app\/wp-json\/wp\/v2\/product\/701710"}],"collection":[{"href":"https:\/\/streetmarkets.fr\/app\/wp-json\/wp\/v2\/product"}],"about":[{"href":"https:\/\/streetmarkets.fr\/app\/wp-json\/wp\/v2\/types\/product"}],"replies":[{"embeddable":true,"href":"https:\/\/streetmarkets.fr\/app\/wp-json\/wp\/v2\/comments?post=701710"}],"wp:featuredmedia":[{"embeddable":true,"href":"https:\/\/streetmarkets.fr\/app\/wp-json\/wp\/v2\/media\/701711"}],"wp:attachment":[{"href":"https:\/\/streetmarkets.fr\/app\/wp-json\/wp\/v2\/media?parent=701710"}],"wp:term":[{"taxonomy":"product_brand","embeddable":true,"href":"https:\/\/streetmarkets.fr\/app\/wp-json\/wp\/v2\/product_brand?post=701710"},{"taxonomy":"product_cat","embeddable":true,"href":"https:\/\/streetmarkets.fr\/app\/wp-json\/wp\/v2\/product_cat?post=701710"},{"taxonomy":"product_tag","embeddable":true,"href":"https:\/\/streetmarkets.fr\/app\/wp-json\/wp\/v2\/product_tag?post=701710"}],"curies":[{"name":"wp","href":"https:\/\/api.w.org\/{rel}","templated":true}]}}