{"id":701695,"date":"2024-10-15T10:28:01","date_gmt":"2024-10-15T08:28:01","guid":{"rendered":"https:\/\/streetmarkets.fr\/app\/produit\/top-en-soie-dos-nu-chioma-navy-jaune\/"},"modified":"2024-10-15T10:28:48","modified_gmt":"2024-10-15T08:28:48","slug":"top-en-soie-dos-nu-chioma-navy-jaune","status":"publish","type":"product","link":"https:\/\/streetmarkets.fr\/app\/produit\/top-en-soie-dos-nu-chioma-navy-jaune\/","title":{"rendered":"Top en soie dos nu Chioma navy &amp; jaune"},"content":{"rendered":"<p>Top en soie dos nu Chioma navy &amp; jaune Mamamushi Studio durable et \u00e9thique \u2713 Livraison rapide &amp; paiement en x3 ou x4.<\/p>\n<p>Top sans manches \u00e0 nouer dans le dos, pour un magnifique dos nu !<\/p>\n<p>Le petit plus ? Chaque tissu, initialement pr\u00e9vu pour la cr\u00e9ation de carr\u00e9s de soie, a \u00e9t\u00e9 r\u00e9cup\u00e9r\u00e9 pour lui donner une nouvelle utilit\u00e9. Il est disponible est faible quantit\u00e9, ce qui permet de cr\u00e9er 1 \u00e0 5\u00a0pi\u00e8ces par tissu.<\/p>\n<p>\u2022 Mati\u00e8re : 100% soie<\/p>\n<p>\u2022 Fabriqu\u00e9 \u00e0 Paris<\/p>\n<p>\u2022 Marque : Cr\u00e9ation Mamamushi Studio<\/p>\n<p>Le mod\u00e8le existe\u00a0dans de nombreux motifs. Plus de mod\u00e8les sont disponibles en boutique<\/p>\n","protected":false},"excerpt":{"rendered":"<p>Top en soie dos nu Chioma navy &amp; jaune Mamamushi Studio durable et \u00e9thique \u2713 Livraison rapide &amp; paiement en x3 ou x4. Top sans manches \u00e0 nouer dans le dos, pour un magnifique dos nu ! Le petit plus ? Chaque tissu, initialement pr\u00e9vu pour la cr\u00e9ation de carr\u00e9s de soie, a \u00e9t\u00e9 r\u00e9cup\u00e9r\u00e9 [&hellip;]<\/p>\n","protected":false},"featured_media":701696,"comment_status":"open","ping_status":"closed","template":"","meta":[],"product_brand":[],"product_cat":[1756,1758],"product_tag":[2244],"acf":[],"_links":{"self":[{"href":"https:\/\/streetmarkets.fr\/app\/wp-json\/wp\/v2\/product\/701695"}],"collection":[{"href":"https:\/\/streetmarkets.fr\/app\/wp-json\/wp\/v2\/product"}],"about":[{"href":"https:\/\/streetmarkets.fr\/app\/wp-json\/wp\/v2\/types\/product"}],"replies":[{"embeddable":true,"href":"https:\/\/streetmarkets.fr\/app\/wp-json\/wp\/v2\/comments?post=701695"}],"wp:featuredmedia":[{"embeddable":true,"href":"https:\/\/streetmarkets.fr\/app\/wp-json\/wp\/v2\/media\/701696"}],"wp:attachment":[{"href":"https:\/\/streetmarkets.fr\/app\/wp-json\/wp\/v2\/media?parent=701695"}],"wp:term":[{"taxonomy":"product_brand","embeddable":true,"href":"https:\/\/streetmarkets.fr\/app\/wp-json\/wp\/v2\/product_brand?post=701695"},{"taxonomy":"product_cat","embeddable":true,"href":"https:\/\/streetmarkets.fr\/app\/wp-json\/wp\/v2\/product_cat?post=701695"},{"taxonomy":"product_tag","embeddable":true,"href":"https:\/\/streetmarkets.fr\/app\/wp-json\/wp\/v2\/product_tag?post=701695"}],"curies":[{"name":"wp","href":"https:\/\/api.w.org\/{rel}","templated":true}]}}