{"id":701658,"date":"2024-10-15T10:27:58","date_gmt":"2024-10-15T08:27:58","guid":{"rendered":"https:\/\/streetmarkets.fr\/app\/produit\/top-pink-au-choix\/"},"modified":"2024-10-15T10:27:58","modified_gmt":"2024-10-15T08:27:58","slug":"top-pink-au-choix","status":"publish","type":"product","link":"https:\/\/streetmarkets.fr\/app\/produit\/top-pink-au-choix\/","title":{"rendered":"Top Pink (au choix)"},"content":{"rendered":"<p>Top Pink (au choix) Karma Koma durable et \u00e9thique \u2713 Livraison rapide &amp; paiement en x3 ou x4.<\/p>\n<div class=\"pl-0 mt-3\" id=\"avis-creatrice\">\n<div class=\"product-description\">\n<p>Avis de la cr\u00e9atrice:<\/p>\n<p>Ce tee-shirt fluide allie style et confort. Avec son large dos nu et ses manches 3\/4 retrouss\u00e9es il est parfait pour toute la saison. Ce basique coupe droite de la garde-robe peut se porter autant rentr\u00e9 dans un short que dans une jupe. Facile \u00e0 accessoiriser il deviendra votre favori de l&#8217;\u00e9t\u00e9.<\/p>\n<\/div>\n<\/div>\n<p>Mati\u00e8re:<\/p>\n<p>85% RAYONNE<br \/>15% LIN<\/p>\n<p>Taille Unique<\/p>\n<p>Existe en plusieurs coloris<\/p>\n<p>Marque: Karma Koma<\/p>\n","protected":false},"excerpt":{"rendered":"<p>Top Pink (au choix) Karma Koma durable et \u00e9thique \u2713 Livraison rapide &amp; paiement en x3 ou x4. Avis de la cr\u00e9atrice: Ce tee-shirt fluide allie style et confort. Avec son large dos nu et ses manches 3\/4 retrouss\u00e9es il est parfait pour toute la saison. Ce basique coupe droite de la garde-robe peut se [&hellip;]<\/p>\n","protected":false},"featured_media":701659,"comment_status":"open","ping_status":"closed","template":"","meta":[],"product_brand":[],"product_cat":[1756],"product_tag":[],"acf":[],"_links":{"self":[{"href":"https:\/\/streetmarkets.fr\/app\/wp-json\/wp\/v2\/product\/701658"}],"collection":[{"href":"https:\/\/streetmarkets.fr\/app\/wp-json\/wp\/v2\/product"}],"about":[{"href":"https:\/\/streetmarkets.fr\/app\/wp-json\/wp\/v2\/types\/product"}],"replies":[{"embeddable":true,"href":"https:\/\/streetmarkets.fr\/app\/wp-json\/wp\/v2\/comments?post=701658"}],"wp:featuredmedia":[{"embeddable":true,"href":"https:\/\/streetmarkets.fr\/app\/wp-json\/wp\/v2\/media\/701659"}],"wp:attachment":[{"href":"https:\/\/streetmarkets.fr\/app\/wp-json\/wp\/v2\/media?parent=701658"}],"wp:term":[{"taxonomy":"product_brand","embeddable":true,"href":"https:\/\/streetmarkets.fr\/app\/wp-json\/wp\/v2\/product_brand?post=701658"},{"taxonomy":"product_cat","embeddable":true,"href":"https:\/\/streetmarkets.fr\/app\/wp-json\/wp\/v2\/product_cat?post=701658"},{"taxonomy":"product_tag","embeddable":true,"href":"https:\/\/streetmarkets.fr\/app\/wp-json\/wp\/v2\/product_tag?post=701658"}],"curies":[{"name":"wp","href":"https:\/\/api.w.org\/{rel}","templated":true}]}}