{"id":701643,"date":"2024-10-15T10:27:58","date_gmt":"2024-10-15T08:27:58","guid":{"rendered":"https:\/\/streetmarkets.fr\/app\/produit\/top-muse-au-choix\/"},"modified":"2024-10-15T10:27:58","modified_gmt":"2024-10-15T08:27:58","slug":"top-muse-au-choix","status":"publish","type":"product","link":"https:\/\/streetmarkets.fr\/app\/produit\/top-muse-au-choix\/","title":{"rendered":"Top Muse (au choix)"},"content":{"rendered":"<p>Top Muse (au choix) Karma Koma durable et \u00e9thique \u2713 Livraison rapide &amp; paiement en x3 ou x4.<\/p>\n<div class=\"_2qtYo fggS- cell\" dir=\"ltr\">\n<div class=\"WncCi\">\n<div class=\"_2qtYo fggS- cell\" dir=\"ltr\">\n<div class=\"WncCi\">Le top MUSE tire son originalit\u00e9 de son d\u00e9collet\u00e9 plongeant en dentelle et de son dos nu en forme de goutte. Ajust\u00e9 dans le dos gr\u00e2ce \u00e0 son \u00e9lastique il est le parfait alli\u00e9 sensuel pour rendre votre tenue aussi \u00e9l\u00e9gante que raffin\u00e9e.<\/div>\n<\/div>\n<\/div>\n<\/div>\n<p>Composition: 100% SOIE<\/p>\n<p>Marque: Karma Koma<\/p>\n<p>Existe \u00e9galement en d&#8217;autres coloris.<\/p><\/p>\n","protected":false},"excerpt":{"rendered":"<p>Top Muse (au choix) Karma Koma durable et \u00e9thique \u2713 Livraison rapide &amp; paiement en x3 ou x4. Le top MUSE tire son originalit\u00e9 de son d\u00e9collet\u00e9 plongeant en dentelle et de son dos nu en forme de goutte. Ajust\u00e9 dans le dos gr\u00e2ce \u00e0 son \u00e9lastique il est le parfait alli\u00e9 sensuel pour rendre [&hellip;]<\/p>\n","protected":false},"featured_media":701644,"comment_status":"open","ping_status":"closed","template":"","meta":[],"product_brand":[],"product_cat":[1756],"product_tag":[],"acf":[],"_links":{"self":[{"href":"https:\/\/streetmarkets.fr\/app\/wp-json\/wp\/v2\/product\/701643"}],"collection":[{"href":"https:\/\/streetmarkets.fr\/app\/wp-json\/wp\/v2\/product"}],"about":[{"href":"https:\/\/streetmarkets.fr\/app\/wp-json\/wp\/v2\/types\/product"}],"replies":[{"embeddable":true,"href":"https:\/\/streetmarkets.fr\/app\/wp-json\/wp\/v2\/comments?post=701643"}],"wp:featuredmedia":[{"embeddable":true,"href":"https:\/\/streetmarkets.fr\/app\/wp-json\/wp\/v2\/media\/701644"}],"wp:attachment":[{"href":"https:\/\/streetmarkets.fr\/app\/wp-json\/wp\/v2\/media?parent=701643"}],"wp:term":[{"taxonomy":"product_brand","embeddable":true,"href":"https:\/\/streetmarkets.fr\/app\/wp-json\/wp\/v2\/product_brand?post=701643"},{"taxonomy":"product_cat","embeddable":true,"href":"https:\/\/streetmarkets.fr\/app\/wp-json\/wp\/v2\/product_cat?post=701643"},{"taxonomy":"product_tag","embeddable":true,"href":"https:\/\/streetmarkets.fr\/app\/wp-json\/wp\/v2\/product_tag?post=701643"}],"curies":[{"name":"wp","href":"https:\/\/api.w.org\/{rel}","templated":true}]}}