{"id":701638,"date":"2024-10-15T10:27:57","date_gmt":"2024-10-15T08:27:57","guid":{"rendered":"https:\/\/streetmarkets.fr\/app\/produit\/top-bergamotte\/"},"modified":"2024-10-15T10:27:58","modified_gmt":"2024-10-15T08:27:58","slug":"top-bergamotte","status":"publish","type":"product","link":"https:\/\/streetmarkets.fr\/app\/produit\/top-bergamotte\/","title":{"rendered":"Top Bergamotte"},"content":{"rendered":"<p>Top Bergamotte Almae durable et \u00e9thique \u2713 Livraison rapide &amp; paiement en x3 ou x4.<\/p>\n<div class=\"_2qtYo fggS- cell\" dir=\"ltr\">\n<div class=\"WncCi\">\n<div class=\"_2qtYo fggS- cell\" dir=\"ltr\">\n<div class=\"WncCi\">Top manches courtes ballon. Smokes \u00e9lastiqu\u00e9s au dos<\/div>\n<\/div>\n<\/div>\n<\/div>\n<p>Composition: 100% Viscose.<\/p>\n<p>Lavage \u00e0 30\u00b0 d\u00e9licat<\/p>\n<p>Marque: Alma\u00e9<\/p>\n","protected":false},"excerpt":{"rendered":"<p>Top Bergamotte Almae durable et \u00e9thique \u2713 Livraison rapide &amp; paiement en x3 ou x4. Top manches courtes ballon. Smokes \u00e9lastiqu\u00e9s au dos Composition: 100% Viscose. Lavage \u00e0 30\u00b0 d\u00e9licat Marque: Alma\u00e9<\/p>\n","protected":false},"featured_media":701639,"comment_status":"open","ping_status":"closed","template":"","meta":[],"product_brand":[],"product_cat":[1756],"product_tag":[],"acf":[],"_links":{"self":[{"href":"https:\/\/streetmarkets.fr\/app\/wp-json\/wp\/v2\/product\/701638"}],"collection":[{"href":"https:\/\/streetmarkets.fr\/app\/wp-json\/wp\/v2\/product"}],"about":[{"href":"https:\/\/streetmarkets.fr\/app\/wp-json\/wp\/v2\/types\/product"}],"replies":[{"embeddable":true,"href":"https:\/\/streetmarkets.fr\/app\/wp-json\/wp\/v2\/comments?post=701638"}],"wp:featuredmedia":[{"embeddable":true,"href":"https:\/\/streetmarkets.fr\/app\/wp-json\/wp\/v2\/media\/701639"}],"wp:attachment":[{"href":"https:\/\/streetmarkets.fr\/app\/wp-json\/wp\/v2\/media?parent=701638"}],"wp:term":[{"taxonomy":"product_brand","embeddable":true,"href":"https:\/\/streetmarkets.fr\/app\/wp-json\/wp\/v2\/product_brand?post=701638"},{"taxonomy":"product_cat","embeddable":true,"href":"https:\/\/streetmarkets.fr\/app\/wp-json\/wp\/v2\/product_cat?post=701638"},{"taxonomy":"product_tag","embeddable":true,"href":"https:\/\/streetmarkets.fr\/app\/wp-json\/wp\/v2\/product_tag?post=701638"}],"curies":[{"name":"wp","href":"https:\/\/api.w.org\/{rel}","templated":true}]}}