{"id":701575,"date":"2024-10-15T10:27:31","date_gmt":"2024-10-15T08:27:31","guid":{"rendered":"https:\/\/streetmarkets.fr\/app\/produit\/sac-kelly-naturel-maison-n-h-paris\/"},"modified":"2026-05-08T08:37:25","modified_gmt":"2026-05-08T06:37:25","slug":"sac-kelly-naturel-maison-n-h-paris","status":"publish","type":"product","link":"https:\/\/streetmarkets.fr\/app\/produit\/sac-kelly-naturel-maison-n-h-paris\/","title":{"rendered":"Sac Kelly Naturel &#8211; Maison N.H Paris"},"content":{"rendered":"<p><span>La pochette Kelly en raphia naturel ajoutera une touche d&#8217;\u00e9l\u00e9gance \u00e0 vos tenues.<\/span><\/p>\n<p><span>Elle sera parfaite pour vos c\u00e9r\u00e9monies.\u00a0<\/span><\/p>\n","protected":false},"excerpt":{"rendered":"<p>La pochette Kelly en raphia naturel ajoutera une touche d&#8217;\u00e9l\u00e9gance \u00e0 vos tenues. Elle sera parfaite pour vos c\u00e9r\u00e9monies.\u00a0<\/p>\n","protected":false},"featured_media":701576,"comment_status":"open","ping_status":"closed","template":"","meta":[],"product_brand":[],"product_cat":[1756,1764],"product_tag":[2244],"acf":[],"_links":{"self":[{"href":"https:\/\/streetmarkets.fr\/app\/wp-json\/wp\/v2\/product\/701575"}],"collection":[{"href":"https:\/\/streetmarkets.fr\/app\/wp-json\/wp\/v2\/product"}],"about":[{"href":"https:\/\/streetmarkets.fr\/app\/wp-json\/wp\/v2\/types\/product"}],"replies":[{"embeddable":true,"href":"https:\/\/streetmarkets.fr\/app\/wp-json\/wp\/v2\/comments?post=701575"}],"wp:featuredmedia":[{"embeddable":true,"href":"https:\/\/streetmarkets.fr\/app\/wp-json\/wp\/v2\/media\/701576"}],"wp:attachment":[{"href":"https:\/\/streetmarkets.fr\/app\/wp-json\/wp\/v2\/media?parent=701575"}],"wp:term":[{"taxonomy":"product_brand","embeddable":true,"href":"https:\/\/streetmarkets.fr\/app\/wp-json\/wp\/v2\/product_brand?post=701575"},{"taxonomy":"product_cat","embeddable":true,"href":"https:\/\/streetmarkets.fr\/app\/wp-json\/wp\/v2\/product_cat?post=701575"},{"taxonomy":"product_tag","embeddable":true,"href":"https:\/\/streetmarkets.fr\/app\/wp-json\/wp\/v2\/product_tag?post=701575"}],"curies":[{"name":"wp","href":"https:\/\/api.w.org\/{rel}","templated":true}]}}