{"id":701567,"date":"2024-10-15T10:27:30","date_gmt":"2024-10-15T08:27:30","guid":{"rendered":"https:\/\/streetmarkets.fr\/app\/produit\/tee-shirt-tie-and-dye-blue-joee\/"},"modified":"2026-05-08T08:37:25","modified_gmt":"2026-05-08T06:37:25","slug":"tee-shirt-tie-and-dye-blue-joee","status":"publish","type":"product","link":"https:\/\/streetmarkets.fr\/app\/produit\/tee-shirt-tie-and-dye-blue-joee\/","title":{"rendered":"Tee-shirt tie and dye BLUE &#8211; Jo\u00e9e"},"content":{"rendered":"<p>Pour cette saison, Jo\u00e9e vous propose des tee shirts en coton bio avec emmanchures larges avec revers.\u00a0<\/p>\n<p>D\u00e9grad\u00e9 deep dye de bleu \u00e0 blanc avec des colorations naturelles.\u00a0<\/p>\n<p>Taille unique convient du 36 au 40<\/p>\n<p>Taille du mannequin : 36<\/p>\n<p>Jo\u00e9e vous propose cette s\u00e9ries en \u00e9dition limit\u00e9e.\u00a0\u00a0<\/p>\n","protected":false},"excerpt":{"rendered":"<p>Pour cette saison, Jo\u00e9e vous propose des tee shirts en coton bio avec emmanchures larges avec revers.\u00a0 D\u00e9grad\u00e9 deep dye de bleu \u00e0 blanc avec des colorations naturelles.\u00a0 Taille unique convient du 36 au 40 Taille du mannequin : 36 Jo\u00e9e vous propose cette s\u00e9ries en \u00e9dition limit\u00e9e.\u00a0\u00a0<\/p>\n","protected":false},"featured_media":701568,"comment_status":"open","ping_status":"closed","template":"","meta":[],"product_brand":[],"product_cat":[1756,1758],"product_tag":[2244],"acf":[],"_links":{"self":[{"href":"https:\/\/streetmarkets.fr\/app\/wp-json\/wp\/v2\/product\/701567"}],"collection":[{"href":"https:\/\/streetmarkets.fr\/app\/wp-json\/wp\/v2\/product"}],"about":[{"href":"https:\/\/streetmarkets.fr\/app\/wp-json\/wp\/v2\/types\/product"}],"replies":[{"embeddable":true,"href":"https:\/\/streetmarkets.fr\/app\/wp-json\/wp\/v2\/comments?post=701567"}],"wp:featuredmedia":[{"embeddable":true,"href":"https:\/\/streetmarkets.fr\/app\/wp-json\/wp\/v2\/media\/701568"}],"wp:attachment":[{"href":"https:\/\/streetmarkets.fr\/app\/wp-json\/wp\/v2\/media?parent=701567"}],"wp:term":[{"taxonomy":"product_brand","embeddable":true,"href":"https:\/\/streetmarkets.fr\/app\/wp-json\/wp\/v2\/product_brand?post=701567"},{"taxonomy":"product_cat","embeddable":true,"href":"https:\/\/streetmarkets.fr\/app\/wp-json\/wp\/v2\/product_cat?post=701567"},{"taxonomy":"product_tag","embeddable":true,"href":"https:\/\/streetmarkets.fr\/app\/wp-json\/wp\/v2\/product_tag?post=701567"}],"curies":[{"name":"wp","href":"https:\/\/api.w.org\/{rel}","templated":true}]}}