{"id":701564,"date":"2024-10-15T10:27:30","date_gmt":"2024-10-15T08:27:30","guid":{"rendered":"https:\/\/streetmarkets.fr\/app\/produit\/collier-locky-emeraude-hanka-in\/"},"modified":"2026-05-08T08:37:24","modified_gmt":"2026-05-08T06:37:24","slug":"collier-locky-emeraude-hanka-in","status":"publish","type":"product","link":"https:\/\/streetmarkets.fr\/app\/produit\/collier-locky-emeraude-hanka-in\/","title":{"rendered":"Collier Locky Emeraude &#8211; Hanka In"},"content":{"rendered":"<p>Superbe collier dor\u00e9 \u00e0 l&#8217;or fin avec fines pierres semi pr\u00e9cieuses en \u00e9meraude et un\u00a0 fermoir avec zircons blancs qui rend ce collier ultra moderne.\u00a0<\/p>\n","protected":false},"excerpt":{"rendered":"<p>Superbe collier dor\u00e9 \u00e0 l&#8217;or fin avec fines pierres semi pr\u00e9cieuses en \u00e9meraude et un\u00a0 fermoir avec zircons blancs qui rend ce collier ultra moderne.\u00a0<\/p>\n","protected":false},"featured_media":701565,"comment_status":"open","ping_status":"closed","template":"","meta":[],"product_brand":[],"product_cat":[1807,1756],"product_tag":[2244],"acf":[],"_links":{"self":[{"href":"https:\/\/streetmarkets.fr\/app\/wp-json\/wp\/v2\/product\/701564"}],"collection":[{"href":"https:\/\/streetmarkets.fr\/app\/wp-json\/wp\/v2\/product"}],"about":[{"href":"https:\/\/streetmarkets.fr\/app\/wp-json\/wp\/v2\/types\/product"}],"replies":[{"embeddable":true,"href":"https:\/\/streetmarkets.fr\/app\/wp-json\/wp\/v2\/comments?post=701564"}],"wp:featuredmedia":[{"embeddable":true,"href":"https:\/\/streetmarkets.fr\/app\/wp-json\/wp\/v2\/media\/701565"}],"wp:attachment":[{"href":"https:\/\/streetmarkets.fr\/app\/wp-json\/wp\/v2\/media?parent=701564"}],"wp:term":[{"taxonomy":"product_brand","embeddable":true,"href":"https:\/\/streetmarkets.fr\/app\/wp-json\/wp\/v2\/product_brand?post=701564"},{"taxonomy":"product_cat","embeddable":true,"href":"https:\/\/streetmarkets.fr\/app\/wp-json\/wp\/v2\/product_cat?post=701564"},{"taxonomy":"product_tag","embeddable":true,"href":"https:\/\/streetmarkets.fr\/app\/wp-json\/wp\/v2\/product_tag?post=701564"}],"curies":[{"name":"wp","href":"https:\/\/api.w.org\/{rel}","templated":true}]}}