{"id":701509,"date":"2024-10-15T10:27:26","date_gmt":"2024-10-15T08:27:26","guid":{"rendered":"https:\/\/streetmarkets.fr\/app\/produit\/chaussettes-zezette-noire-ou-blanche\/"},"modified":"2024-10-15T10:27:56","modified_gmt":"2024-10-15T08:27:56","slug":"chaussettes-zezette-noire-ou-blanche","status":"publish","type":"product","link":"https:\/\/streetmarkets.fr\/app\/produit\/chaussettes-zezette-noire-ou-blanche\/","title":{"rendered":"Chaussettes Z\u00e9zette (noire ou blanche)"},"content":{"rendered":"<p>Chaussettes Z\u00e9zette (noire ou blanche) Coucou Suzette durable et \u00e9thique \u2713 Livraison rapide &amp; paiement en x3 ou x4.<\/p>\n<div id=\"product-description-short-288\" class=\"rte-content\"><span class=\"current-price\"><span class=\"product-price\"><\/span><\/span>\u201cL\u2019origine du monde\u201d, \u201cla Moule\u201d, \u201cla Zezette\u201d et vous quel nom donnez-vous \u00e0 cet endroit merveilleux ?<span class=\"current-price\"><\/span><\/p>\n<div class=\"product-information\">\n<div id=\"product-description-short-318\" class=\"rte-content\">\n<div id=\"product-description-short-195\" class=\"rte-content\">\n<div id=\"product-description-short-312\" class=\"rte-content\">\n<p>Chaussettes sexy bleu clair \u00e0 motifs z\u00e9zettes en coton douillet fabriqu\u00e9es en France.<br \/>Existent en version zezettes noires ou blanches !<\/p>\n<\/div>\n<p class=\"p1\">Chaussettes en coton\u00a0douillet fabriqu\u00e9es\u00a0en France ! Taille Unique (convient du 35 au 44), elles peuvent \u00e9galement aller aux hommes !<\/p>\n<\/div>\n<\/div>\n<\/div>\n<\/div>\n<div class=\"product-information\">\n<div id=\"product-description-short-49\" class=\"rte-content\">\n<p><span>Marque: Coucou Suzette<\/span><\/p>\n<\/div>\n<\/div>\n","protected":false},"excerpt":{"rendered":"<p>Chaussettes Z\u00e9zette (noire ou blanche) Coucou Suzette durable et \u00e9thique \u2713 Livraison rapide &amp; paiement en x3 ou x4. \u201cL\u2019origine du monde\u201d, \u201cla Moule\u201d, \u201cla Zezette\u201d et vous quel nom donnez-vous \u00e0 cet endroit merveilleux ? Chaussettes sexy bleu clair \u00e0 motifs z\u00e9zettes en coton douillet fabriqu\u00e9es en France.Existent en version zezettes noires ou blanches [&hellip;]<\/p>\n","protected":false},"featured_media":701510,"comment_status":"open","ping_status":"closed","template":"","meta":[],"product_brand":[],"product_cat":[1756,1764],"product_tag":[2244],"acf":[],"_links":{"self":[{"href":"https:\/\/streetmarkets.fr\/app\/wp-json\/wp\/v2\/product\/701509"}],"collection":[{"href":"https:\/\/streetmarkets.fr\/app\/wp-json\/wp\/v2\/product"}],"about":[{"href":"https:\/\/streetmarkets.fr\/app\/wp-json\/wp\/v2\/types\/product"}],"replies":[{"embeddable":true,"href":"https:\/\/streetmarkets.fr\/app\/wp-json\/wp\/v2\/comments?post=701509"}],"wp:featuredmedia":[{"embeddable":true,"href":"https:\/\/streetmarkets.fr\/app\/wp-json\/wp\/v2\/media\/701510"}],"wp:attachment":[{"href":"https:\/\/streetmarkets.fr\/app\/wp-json\/wp\/v2\/media?parent=701509"}],"wp:term":[{"taxonomy":"product_brand","embeddable":true,"href":"https:\/\/streetmarkets.fr\/app\/wp-json\/wp\/v2\/product_brand?post=701509"},{"taxonomy":"product_cat","embeddable":true,"href":"https:\/\/streetmarkets.fr\/app\/wp-json\/wp\/v2\/product_cat?post=701509"},{"taxonomy":"product_tag","embeddable":true,"href":"https:\/\/streetmarkets.fr\/app\/wp-json\/wp\/v2\/product_tag?post=701509"}],"curies":[{"name":"wp","href":"https:\/\/api.w.org\/{rel}","templated":true}]}}