{"id":701465,"date":"2024-10-15T10:27:24","date_gmt":"2024-10-15T08:27:24","guid":{"rendered":"https:\/\/streetmarkets.fr\/app\/produit\/pull-kaleo-au-choix\/"},"modified":"2024-10-15T10:27:55","modified_gmt":"2024-10-15T08:27:55","slug":"pull-kaleo-au-choix","status":"publish","type":"product","link":"https:\/\/streetmarkets.fr\/app\/produit\/pull-kaleo-au-choix\/","title":{"rendered":"Pull Kaleo (au choix)"},"content":{"rendered":"<p>Pull Kaleo (au choix) Karma Koma durable et \u00e9thique \u2713 Livraison rapide &amp; paiement en x3 ou x4.<\/p>\n<p>Ce pull col V cosy est parfait pour les journ\u00e9es\u00a0fra\u00eeches de mi-saison\u2026 Sa coupe courte oversize et reversible permet de s&#8217;emmitoufler dans ce mod\u00e8le passe partout. En grosse maille, il propose un col rond en c\u00f4tes, il est resserr\u00e9 \u00e0 la taille par de larges c\u00f4tes \u00e9galement.<\/p>\n<p>Mati\u00e8re: 100% coton<\/p>\n<p>Description: <br \/>&#8211; Pull col V oversize<br \/>&#8211;\u00a0Grosse maille<br \/>&#8211;\u00a0Resserr\u00e9 aux poignets<\/p>\n<p>-R\u00e9versible<\/p>\n<p>Marque: Karma Koma<\/p>\n<p>Existe \u00e9galement en d&#8217;autres coloris.<\/p>\n","protected":false},"excerpt":{"rendered":"<p>Pull Kaleo (au choix) Karma Koma durable et \u00e9thique \u2713 Livraison rapide &amp; paiement en x3 ou x4. Ce pull col V cosy est parfait pour les journ\u00e9es\u00a0fra\u00eeches de mi-saison\u2026 Sa coupe courte oversize et reversible permet de s&#8217;emmitoufler dans ce mod\u00e8le passe partout. En grosse maille, il propose un col rond en c\u00f4tes, il [&hellip;]<\/p>\n","protected":false},"featured_media":701466,"comment_status":"open","ping_status":"closed","template":"","meta":[],"product_brand":[],"product_cat":[1756,1758],"product_tag":[2244],"acf":[],"_links":{"self":[{"href":"https:\/\/streetmarkets.fr\/app\/wp-json\/wp\/v2\/product\/701465"}],"collection":[{"href":"https:\/\/streetmarkets.fr\/app\/wp-json\/wp\/v2\/product"}],"about":[{"href":"https:\/\/streetmarkets.fr\/app\/wp-json\/wp\/v2\/types\/product"}],"replies":[{"embeddable":true,"href":"https:\/\/streetmarkets.fr\/app\/wp-json\/wp\/v2\/comments?post=701465"}],"wp:featuredmedia":[{"embeddable":true,"href":"https:\/\/streetmarkets.fr\/app\/wp-json\/wp\/v2\/media\/701466"}],"wp:attachment":[{"href":"https:\/\/streetmarkets.fr\/app\/wp-json\/wp\/v2\/media?parent=701465"}],"wp:term":[{"taxonomy":"product_brand","embeddable":true,"href":"https:\/\/streetmarkets.fr\/app\/wp-json\/wp\/v2\/product_brand?post=701465"},{"taxonomy":"product_cat","embeddable":true,"href":"https:\/\/streetmarkets.fr\/app\/wp-json\/wp\/v2\/product_cat?post=701465"},{"taxonomy":"product_tag","embeddable":true,"href":"https:\/\/streetmarkets.fr\/app\/wp-json\/wp\/v2\/product_tag?post=701465"}],"curies":[{"name":"wp","href":"https:\/\/api.w.org\/{rel}","templated":true}]}}