{"id":701459,"date":"2024-10-15T10:27:24","date_gmt":"2024-10-15T08:27:24","guid":{"rendered":"https:\/\/streetmarkets.fr\/app\/produit\/bola-de-grossesse-maya\/"},"modified":"2024-10-15T10:27:55","modified_gmt":"2024-10-15T08:27:55","slug":"bola-de-grossesse-maya","status":"publish","type":"product","link":"https:\/\/streetmarkets.fr\/app\/produit\/bola-de-grossesse-maya\/","title":{"rendered":"Bola de grossesse Maya"},"content":{"rendered":"<p>Bola de grossesse Maya Ilado durable et \u00e9thique \u2713 Livraison rapide &amp; paiement en x3 ou x4.<\/p>\n<div id=\"product-description-tab-content\" class=\"product-description-tab-content tab-pane active\">\n<div class=\"rte\">Le doux tintement apaisant de ce sautoir vous accompagnera pendant cet instant de vie unique qu&#8217;est votre grossesse et l&#8217;arriv\u00e9e de votre b\u00e9b\u00e9. L&#8217;\u00e9clat de son pendentif \u00e0 la sph\u00e8re parfaitement lisse contraste avec le fini irr\u00e9gulier de son cordon de soie qui souligne le passage de la main. <span title=\"Modifi\u00e9\"><span> Sa touche finale, une pierre naturelle : <\/span><\/span><br \/><span title=\"Modifi\u00e9\"><span><\/span><\/span><\/p>\n<div>\n<div><span title=\"Modifi\u00e9\"><span>&#8211; une pierre de lune, <span title=\"Modifi\u00e9\"><span>que nous avons s\u00e9lectionn\u00e9e pour son \u00e9clat azur\u00e9 et pour ses vertus protectrices pour les futures mamans et leur b\u00e9b\u00e9 ; <br \/>&#8211; ou un quartz fum\u00e9<span title=\"Modifi\u00e9\"><span title=\"Modifi\u00e9\"><span> que nous avons choisi pour ses propri\u00e9t\u00e9s bienfaisantes qui\u00a0aiderait \u00e0 \u00e9liminer les peurs irrationnelles, les angoisses, les contradictions int\u00e9rieures<\/span><\/span><\/span>. <br \/><\/span><\/span><\/span><\/span><\/div>\n<div>Petit secret : apr\u00e8s la naissance de votre b\u00e9b\u00e9, vous pourrez coudre le pendentif Bola dans son doudou pour le rassurer gr\u00e2ce \u00e0 son doux tintement, et porter votre cordon en bracelet multi-tour, comme un joli souvenir du lien si pr\u00e9cieux qui vous unit \u00e0 votre enfant.<\/div>\n<div><\/div>\n<div>\n<div class=\"tab-pane active\" id=\"details\">\n<div class=\"feature_box\"><span class=\"feature_title\">Composition :<\/span> <span class=\"feature_content\">Pendentif en laiton recouvert d&#8217;or 18 carats ou d&#8217;argent, cordon en soie, quartz fum\u00e9 ou pierre de lune <\/span><\/div>\n<div class=\"feature_box\"><span class=\"feature_title\">Mesures :<\/span> <span class=\"feature_content\">diam\u00e8tre pendentif : 20 mm, longueur cordon : 1100 mm <\/span><\/div>\n<\/div>\n<\/div>\n<\/div>\n<p class=\"p1\">\n<\/div>\n<div class=\"rte\"><\/div>\n<div class=\"rte\"><\/p>\n<div class=\"tab-pane active\">\n<div class=\"feature_box\"><span class=\"feature_content\">Marque : Ilado<\/span><\/div>\n<\/div>\n<\/div>\n<\/div>\n","protected":false},"excerpt":{"rendered":"<p>Bola de grossesse Maya Ilado durable et \u00e9thique \u2713 Livraison rapide &amp; paiement en x3 ou x4. Le doux tintement apaisant de ce sautoir vous accompagnera pendant cet instant de vie unique qu&#8217;est votre grossesse et l&#8217;arriv\u00e9e de votre b\u00e9b\u00e9. L&#8217;\u00e9clat de son pendentif \u00e0 la sph\u00e8re parfaitement lisse contraste avec le fini irr\u00e9gulier de [&hellip;]<\/p>\n","protected":false},"featured_media":701460,"comment_status":"open","ping_status":"closed","template":"","meta":[],"product_brand":[],"product_cat":[1756,1764],"product_tag":[2244],"acf":[],"_links":{"self":[{"href":"https:\/\/streetmarkets.fr\/app\/wp-json\/wp\/v2\/product\/701459"}],"collection":[{"href":"https:\/\/streetmarkets.fr\/app\/wp-json\/wp\/v2\/product"}],"about":[{"href":"https:\/\/streetmarkets.fr\/app\/wp-json\/wp\/v2\/types\/product"}],"replies":[{"embeddable":true,"href":"https:\/\/streetmarkets.fr\/app\/wp-json\/wp\/v2\/comments?post=701459"}],"wp:featuredmedia":[{"embeddable":true,"href":"https:\/\/streetmarkets.fr\/app\/wp-json\/wp\/v2\/media\/701460"}],"wp:attachment":[{"href":"https:\/\/streetmarkets.fr\/app\/wp-json\/wp\/v2\/media?parent=701459"}],"wp:term":[{"taxonomy":"product_brand","embeddable":true,"href":"https:\/\/streetmarkets.fr\/app\/wp-json\/wp\/v2\/product_brand?post=701459"},{"taxonomy":"product_cat","embeddable":true,"href":"https:\/\/streetmarkets.fr\/app\/wp-json\/wp\/v2\/product_cat?post=701459"},{"taxonomy":"product_tag","embeddable":true,"href":"https:\/\/streetmarkets.fr\/app\/wp-json\/wp\/v2\/product_tag?post=701459"}],"curies":[{"name":"wp","href":"https:\/\/api.w.org\/{rel}","templated":true}]}}