{"id":701451,"date":"2024-10-15T10:27:23","date_gmt":"2024-10-15T08:27:23","guid":{"rendered":"https:\/\/streetmarkets.fr\/app\/produit\/bola-de-grossesse-joy\/"},"modified":"2024-10-15T10:27:55","modified_gmt":"2024-10-15T08:27:55","slug":"bola-de-grossesse-joy","status":"publish","type":"product","link":"https:\/\/streetmarkets.fr\/app\/produit\/bola-de-grossesse-joy\/","title":{"rendered":"Bola de grossesse Joy"},"content":{"rendered":"<p>Bola de grossesse Joy Ilado durable et \u00e9thique \u2713 Livraison rapide &amp; paiement en x3 ou x4.<\/p>\n<div id=\"product-description-tab-content\" class=\"product-description-tab-content tab-pane active\">\n<div class=\"rte\">\n<div class=\"rte align_justify\">Le doux tintement de ce sautoir vous invitera \u00e0 entrer en lien avec votre b\u00e9b\u00e9 dans la joie et la s\u00e9r\u00e9nit\u00e9 en attendant votre belle rencontre.<\/div>\n<p>Reposant d\u00e9licatement contre votre ventre, son pendentif en laiton plong\u00e9 dans un bain d&#8217;or 18 carats ou d&#8217;argent est suspendu au bout d&#8217;un cordon de soie color\u00e9.<\/p>\n<div class=\"rte align_justify\">Apr\u00e8s la naissance, la m\u00e9lodie famili\u00e8re de votre Bola deviendra un point de rep\u00e8re pour votre nouveau-n\u00e9 et continuera \u00e0 l&#8217;apaiser en lui rappelant votre lien tiss\u00e9 tout au long de la grossesse.<\/div>\n<p class=\"p1\">\n<div class=\"tab-pane active\" id=\"details\">\n<div class=\"feature_box\"><span class=\"feature_title\">Composition :<\/span> <span class=\"feature_content\">Pendentif en laiton dor\u00e9 \u00e0 l&#8217;or 18 carats , cordon et pompons en soie (sans lurex)<br \/><\/span><\/div>\n<div class=\"feature_box\"><span class=\"feature_title\">Mesures :<\/span> <span class=\"feature_content\">diam\u00e8tre pendentif : 20 mm, longueur cordon : 1100 mm <\/span><\/div>\n<\/div>\n<p class=\"p1\">\n<\/div>\n<div class=\"rte\"><\/div>\n<div class=\"rte\">\n<div class=\"tab-pane active\">\n<div class=\"feature_box\"><span class=\"feature_content\">Marque : Ilado<\/span><\/div>\n<\/div>\n<\/div>\n<\/div>\n","protected":false},"excerpt":{"rendered":"<p>Bola de grossesse Joy Ilado durable et \u00e9thique \u2713 Livraison rapide &amp; paiement en x3 ou x4. Le doux tintement de ce sautoir vous invitera \u00e0 entrer en lien avec votre b\u00e9b\u00e9 dans la joie et la s\u00e9r\u00e9nit\u00e9 en attendant votre belle rencontre. Reposant d\u00e9licatement contre votre ventre, son pendentif en laiton plong\u00e9 dans un [&hellip;]<\/p>\n","protected":false},"featured_media":701452,"comment_status":"open","ping_status":"closed","template":"","meta":[],"product_brand":[],"product_cat":[1756,1764],"product_tag":[2244],"acf":[],"_links":{"self":[{"href":"https:\/\/streetmarkets.fr\/app\/wp-json\/wp\/v2\/product\/701451"}],"collection":[{"href":"https:\/\/streetmarkets.fr\/app\/wp-json\/wp\/v2\/product"}],"about":[{"href":"https:\/\/streetmarkets.fr\/app\/wp-json\/wp\/v2\/types\/product"}],"replies":[{"embeddable":true,"href":"https:\/\/streetmarkets.fr\/app\/wp-json\/wp\/v2\/comments?post=701451"}],"wp:featuredmedia":[{"embeddable":true,"href":"https:\/\/streetmarkets.fr\/app\/wp-json\/wp\/v2\/media\/701452"}],"wp:attachment":[{"href":"https:\/\/streetmarkets.fr\/app\/wp-json\/wp\/v2\/media?parent=701451"}],"wp:term":[{"taxonomy":"product_brand","embeddable":true,"href":"https:\/\/streetmarkets.fr\/app\/wp-json\/wp\/v2\/product_brand?post=701451"},{"taxonomy":"product_cat","embeddable":true,"href":"https:\/\/streetmarkets.fr\/app\/wp-json\/wp\/v2\/product_cat?post=701451"},{"taxonomy":"product_tag","embeddable":true,"href":"https:\/\/streetmarkets.fr\/app\/wp-json\/wp\/v2\/product_tag?post=701451"}],"curies":[{"name":"wp","href":"https:\/\/api.w.org\/{rel}","templated":true}]}}