{"id":701440,"date":"2024-10-15T10:27:23","date_gmt":"2024-10-15T08:27:23","guid":{"rendered":"https:\/\/streetmarkets.fr\/app\/produit\/chaussettes-psy\/"},"modified":"2024-10-15T10:27:55","modified_gmt":"2024-10-15T08:27:55","slug":"chaussettes-psy","status":"publish","type":"product","link":"https:\/\/streetmarkets.fr\/app\/produit\/chaussettes-psy\/","title":{"rendered":"Chaussettes Psy"},"content":{"rendered":"<p>Chaussettes Psy Coucou Suzette durable et \u00e9thique \u2713 Livraison rapide &amp; paiement en x3 ou x4.<\/p>\n<div id=\"product-description-short-288\" class=\"rte-content\"><span class=\"current-price\"><span class=\"product-price\"><\/span><\/span><\/p>\n<div class=\"product-information\">\n<div id=\"product-description-short-318\" class=\"rte-content\">\n<div id=\"product-description-short-195\" class=\"rte-content\">\n<div id=\"product-description-short-312\" class=\"rte-content\">\n<p dir=\"ltr\" style=\"line-height:1.38;margin-top:0pt;margin-bottom:0pt\"><span style=\"line-height:15.18px\">Allongez-vous, je vous \u00e9coute&#8230;<\/span><\/p>\n<p dir=\"ltr\" style=\"line-height:1.38;margin-top:0pt;margin-bottom:0pt\"><span style=\"line-height:15.18px\">Ces chaussettes seront parfaites pour vous encourager dans ce long chemin qu\u2019est l\u2019analyse de soi\u2026 Et\u00a0votre psy m\u00e9rite peut-\u00eatre bien un petit cadeau apr\u00e8s vous avoir entendu parler en boucle de vos exs pendant 3 ans de th\u00e9rapie!<\/span><\/p>\n<\/div>\n<p class=\"p1\">Chaussettes en coton\u00a0douillet fabriqu\u00e9es\u00a0en France! Taille Unique (convient du 35 au 44), elles peuvent \u00e9galement aller aux hommes!<\/p>\n<\/div>\n<\/div>\n<\/div>\n<\/div>\n<div class=\"product-information\">\n<div id=\"product-description-short-49\" class=\"rte-content\">\n<p><span>Marque: Coucou Suzette<\/span><\/p>\n<\/div>\n<\/div>\n","protected":false},"excerpt":{"rendered":"<p>Chaussettes Psy Coucou Suzette durable et \u00e9thique \u2713 Livraison rapide &amp; paiement en x3 ou x4. Allongez-vous, je vous \u00e9coute&#8230; Ces chaussettes seront parfaites pour vous encourager dans ce long chemin qu\u2019est l\u2019analyse de soi\u2026 Et\u00a0votre psy m\u00e9rite peut-\u00eatre bien un petit cadeau apr\u00e8s vous avoir entendu parler en boucle de vos exs pendant 3 [&hellip;]<\/p>\n","protected":false},"featured_media":701441,"comment_status":"open","ping_status":"closed","template":"","meta":[],"product_brand":[],"product_cat":[1756,1764],"product_tag":[2244],"acf":[],"_links":{"self":[{"href":"https:\/\/streetmarkets.fr\/app\/wp-json\/wp\/v2\/product\/701440"}],"collection":[{"href":"https:\/\/streetmarkets.fr\/app\/wp-json\/wp\/v2\/product"}],"about":[{"href":"https:\/\/streetmarkets.fr\/app\/wp-json\/wp\/v2\/types\/product"}],"replies":[{"embeddable":true,"href":"https:\/\/streetmarkets.fr\/app\/wp-json\/wp\/v2\/comments?post=701440"}],"wp:featuredmedia":[{"embeddable":true,"href":"https:\/\/streetmarkets.fr\/app\/wp-json\/wp\/v2\/media\/701441"}],"wp:attachment":[{"href":"https:\/\/streetmarkets.fr\/app\/wp-json\/wp\/v2\/media?parent=701440"}],"wp:term":[{"taxonomy":"product_brand","embeddable":true,"href":"https:\/\/streetmarkets.fr\/app\/wp-json\/wp\/v2\/product_brand?post=701440"},{"taxonomy":"product_cat","embeddable":true,"href":"https:\/\/streetmarkets.fr\/app\/wp-json\/wp\/v2\/product_cat?post=701440"},{"taxonomy":"product_tag","embeddable":true,"href":"https:\/\/streetmarkets.fr\/app\/wp-json\/wp\/v2\/product_tag?post=701440"}],"curies":[{"name":"wp","href":"https:\/\/api.w.org\/{rel}","templated":true}]}}