{"id":701428,"date":"2024-10-15T10:27:22","date_gmt":"2024-10-15T08:27:22","guid":{"rendered":"https:\/\/streetmarkets.fr\/app\/produit\/chaussettes-london-plusieurs-couleurs\/"},"modified":"2024-10-15T10:27:55","modified_gmt":"2024-10-15T08:27:55","slug":"chaussettes-london-plusieurs-couleurs","status":"publish","type":"product","link":"https:\/\/streetmarkets.fr\/app\/produit\/chaussettes-london-plusieurs-couleurs\/","title":{"rendered":"Chaussettes London (plusieurs couleurs)"},"content":{"rendered":"<p>Chaussettes London (plusieurs couleurs) Atelier St-Eustache durable et \u00e9thique \u2713 Livraison rapide &amp; paiement en x3 ou x4.<\/p>\n<div id=\"product-description-tab-content\" class=\"product-description-tab-content tab-pane active\">\n<div class=\"rte\">\n<p class=\"p1\"><span><span>Retrouvez les chaussettes transparentes de la brillantissime Violette, cr\u00e9atrice de la marque St Eustache.<\/span><\/span><\/p>\n<p class=\"p1\">Une marque haut de gamme, qui vise \u00e0 anoblir un v\u00eatement devenu insignifiant, en alliant esth\u00e9tisme, confort et r\u00e9sistance.\u00a0<\/p>\n<p>L\u2019\u00c9l\u00e9gance \u00e0 la fran\u00e7aise revisit\u00e9e gr\u00e2ce \u00e0 l\u2019inspiration d\u2019autres cultures et univers architecturaux et artistiques.<\/p>\n<p>Et pourquoi ST EUSTACHE ? Parce que c\u2019est l\u2019anagramme de CHAUSSETTE. on adore!<\/p>\n<p class=\"p1\"><strong>Collection LONDON !<\/strong> La douceur de ses pompons bleus ne vous laissera pas indiff\u00e9rente. Avec des petites paillettes dans le centre de ses cercles, cette chaussette transparente r\u00e9haussera m\u00eame les tenues les plus simples ! Un accessoire \u00e9l\u00e9gant et f\u00e9minin \u00e0 porter en toute occasion. Mod\u00e8le inspir\u00e9 des nacelles du London Eye.<span><span><\/span><\/span><\/p>\n<p class=\"p1\"><span class=\"s1\"><b>COMPOSITION<\/b> : <\/span>40% coton, 55% polyamide, 5% polyester<\/p>\n<p class=\"p1\"><span class=\"s1\"><b>GUIDE DES TAILLES<\/b>\u00a0:\u00a0 <\/span><br \/><span class=\"s1\"><span>Si vous h\u00e9sitez, prenez\u00a0un 36\/38 pour\u00a0un 38,5<\/span><\/span><\/p>\n<p class=\"p1\"><span class=\"s1\"><b>CONSEILS D&#8217;ENTRETIEN<\/b>\u00a0: Lavable en machine \u00e0 30\u00b0 avec un programme d\u00e9licat, et utilisation d&#8217;un pochon\u00a0recommand\u00e9.<span class=\"Apple-converted-space\">\u00a0<\/span><\/span><\/p>\n<p class=\"p1\"><span class=\"s1\">Imagin\u00e9es en France, fabriqu\u00e9es en Italie.<\/span><\/p>\n<p class=\"p1\"><span class=\"s1\">Retrouvez les autres mod\u00e8les et collections (Tokyo, Londres, New York)<\/span><span class=\"s1\"> sur notre eshop .<\/span><strong><span class=\"s1\"><br \/><\/span><\/strong><\/p>\n<\/div>\n<\/div>\n","protected":false},"excerpt":{"rendered":"<p>Chaussettes London (plusieurs couleurs) Atelier St-Eustache durable et \u00e9thique \u2713 Livraison rapide &amp; paiement en x3 ou x4. Retrouvez les chaussettes transparentes de la brillantissime Violette, cr\u00e9atrice de la marque St Eustache. Une marque haut de gamme, qui vise \u00e0 anoblir un v\u00eatement devenu insignifiant, en alliant esth\u00e9tisme, confort et r\u00e9sistance.\u00a0 L\u2019\u00c9l\u00e9gance \u00e0 la fran\u00e7aise [&hellip;]<\/p>\n","protected":false},"featured_media":701429,"comment_status":"open","ping_status":"closed","template":"","meta":[],"product_brand":[],"product_cat":[1756,1764],"product_tag":[2244],"acf":[],"_links":{"self":[{"href":"https:\/\/streetmarkets.fr\/app\/wp-json\/wp\/v2\/product\/701428"}],"collection":[{"href":"https:\/\/streetmarkets.fr\/app\/wp-json\/wp\/v2\/product"}],"about":[{"href":"https:\/\/streetmarkets.fr\/app\/wp-json\/wp\/v2\/types\/product"}],"replies":[{"embeddable":true,"href":"https:\/\/streetmarkets.fr\/app\/wp-json\/wp\/v2\/comments?post=701428"}],"wp:featuredmedia":[{"embeddable":true,"href":"https:\/\/streetmarkets.fr\/app\/wp-json\/wp\/v2\/media\/701429"}],"wp:attachment":[{"href":"https:\/\/streetmarkets.fr\/app\/wp-json\/wp\/v2\/media?parent=701428"}],"wp:term":[{"taxonomy":"product_brand","embeddable":true,"href":"https:\/\/streetmarkets.fr\/app\/wp-json\/wp\/v2\/product_brand?post=701428"},{"taxonomy":"product_cat","embeddable":true,"href":"https:\/\/streetmarkets.fr\/app\/wp-json\/wp\/v2\/product_cat?post=701428"},{"taxonomy":"product_tag","embeddable":true,"href":"https:\/\/streetmarkets.fr\/app\/wp-json\/wp\/v2\/product_tag?post=701428"}],"curies":[{"name":"wp","href":"https:\/\/api.w.org\/{rel}","templated":true}]}}