{"id":701382,"date":"2024-10-15T10:27:20","date_gmt":"2024-10-15T08:27:20","guid":{"rendered":"https:\/\/streetmarkets.fr\/app\/produit\/bolero-velours\/"},"modified":"2024-10-15T10:27:54","modified_gmt":"2024-10-15T08:27:54","slug":"bolero-velours","status":"publish","type":"product","link":"https:\/\/streetmarkets.fr\/app\/produit\/bolero-velours\/","title":{"rendered":"Bol\u00e9ro velours"},"content":{"rendered":"<p>Bol\u00e9ro velours Mamamushi Studio durable et \u00e9thique \u2713 Livraison rapide &amp; paiement en x3 ou x4.<\/p>\n<p>Bolero en velours matelass\u00e9.<\/p>\n<p>Coupe arrivant \u00e0 la taille.<\/p>\n<\/p>\n<p>Le bolero Mamamushi fait parti des basiques de la collection Mamamushi Studio.<\/p>\n<p>Look decontract\u00e9 avec un pantalon taille haute.<\/p>\n<p>Look super chic avec une robe du soir, il vous tiendra chaud pour les soirs de f\u00eate.<\/p><\/p>\n","protected":false},"excerpt":{"rendered":"<p>Bol\u00e9ro velours Mamamushi Studio durable et \u00e9thique \u2713 Livraison rapide &amp; paiement en x3 ou x4. Bolero en velours matelass\u00e9. Coupe arrivant \u00e0 la taille. Le bolero Mamamushi fait parti des basiques de la collection Mamamushi Studio. Look decontract\u00e9 avec un pantalon taille haute. Look super chic avec une robe du soir, il vous tiendra [&hellip;]<\/p>\n","protected":false},"featured_media":701383,"comment_status":"open","ping_status":"closed","template":"","meta":[],"product_brand":[],"product_cat":[1756,1758],"product_tag":[2244],"acf":[],"_links":{"self":[{"href":"https:\/\/streetmarkets.fr\/app\/wp-json\/wp\/v2\/product\/701382"}],"collection":[{"href":"https:\/\/streetmarkets.fr\/app\/wp-json\/wp\/v2\/product"}],"about":[{"href":"https:\/\/streetmarkets.fr\/app\/wp-json\/wp\/v2\/types\/product"}],"replies":[{"embeddable":true,"href":"https:\/\/streetmarkets.fr\/app\/wp-json\/wp\/v2\/comments?post=701382"}],"wp:featuredmedia":[{"embeddable":true,"href":"https:\/\/streetmarkets.fr\/app\/wp-json\/wp\/v2\/media\/701383"}],"wp:attachment":[{"href":"https:\/\/streetmarkets.fr\/app\/wp-json\/wp\/v2\/media?parent=701382"}],"wp:term":[{"taxonomy":"product_brand","embeddable":true,"href":"https:\/\/streetmarkets.fr\/app\/wp-json\/wp\/v2\/product_brand?post=701382"},{"taxonomy":"product_cat","embeddable":true,"href":"https:\/\/streetmarkets.fr\/app\/wp-json\/wp\/v2\/product_cat?post=701382"},{"taxonomy":"product_tag","embeddable":true,"href":"https:\/\/streetmarkets.fr\/app\/wp-json\/wp\/v2\/product_tag?post=701382"}],"curies":[{"name":"wp","href":"https:\/\/api.w.org\/{rel}","templated":true}]}}