{"id":701375,"date":"2024-10-15T10:27:20","date_gmt":"2024-10-15T08:27:20","guid":{"rendered":"https:\/\/streetmarkets.fr\/app\/produit\/top-lauper-soie-noir\/"},"modified":"2024-10-15T10:27:54","modified_gmt":"2024-10-15T08:27:54","slug":"top-lauper-soie-noir","status":"publish","type":"product","link":"https:\/\/streetmarkets.fr\/app\/produit\/top-lauper-soie-noir\/","title":{"rendered":"Top Lauper soie noir"},"content":{"rendered":"<p>Top Lauper soie noir Karma Koma durable et \u00e9thique \u2713 Livraison rapide &amp; paiement en x3 ou x4.<\/p>\n<p>Le top LAUPER tient son originalit\u00e9 de son dos d\u00e9taill\u00e9 d&#8217;une longue ouverture verticale en dentelle. Tout en fluidit\u00e9, ce top manches longues en soie est votre alli\u00e9 de l\u2019automne-hiver, c\u2019est une pi\u00e8ce \u00e9l\u00e9gante et efficace adaptable \u00e0 toutes vos tenues.<\/p>\n<p>Mati\u00e8re: 100% soie<\/p>\n<p>Marque: Karma Koma<\/p>\n","protected":false},"excerpt":{"rendered":"<p>Top Lauper soie noir Karma Koma durable et \u00e9thique \u2713 Livraison rapide &amp; paiement en x3 ou x4. Le top LAUPER tient son originalit\u00e9 de son dos d\u00e9taill\u00e9 d&#8217;une longue ouverture verticale en dentelle. Tout en fluidit\u00e9, ce top manches longues en soie est votre alli\u00e9 de l\u2019automne-hiver, c\u2019est une pi\u00e8ce \u00e9l\u00e9gante et efficace adaptable [&hellip;]<\/p>\n","protected":false},"featured_media":701376,"comment_status":"open","ping_status":"closed","template":"","meta":[],"product_brand":[],"product_cat":[1756,1758],"product_tag":[2244],"acf":[],"_links":{"self":[{"href":"https:\/\/streetmarkets.fr\/app\/wp-json\/wp\/v2\/product\/701375"}],"collection":[{"href":"https:\/\/streetmarkets.fr\/app\/wp-json\/wp\/v2\/product"}],"about":[{"href":"https:\/\/streetmarkets.fr\/app\/wp-json\/wp\/v2\/types\/product"}],"replies":[{"embeddable":true,"href":"https:\/\/streetmarkets.fr\/app\/wp-json\/wp\/v2\/comments?post=701375"}],"wp:featuredmedia":[{"embeddable":true,"href":"https:\/\/streetmarkets.fr\/app\/wp-json\/wp\/v2\/media\/701376"}],"wp:attachment":[{"href":"https:\/\/streetmarkets.fr\/app\/wp-json\/wp\/v2\/media?parent=701375"}],"wp:term":[{"taxonomy":"product_brand","embeddable":true,"href":"https:\/\/streetmarkets.fr\/app\/wp-json\/wp\/v2\/product_brand?post=701375"},{"taxonomy":"product_cat","embeddable":true,"href":"https:\/\/streetmarkets.fr\/app\/wp-json\/wp\/v2\/product_cat?post=701375"},{"taxonomy":"product_tag","embeddable":true,"href":"https:\/\/streetmarkets.fr\/app\/wp-json\/wp\/v2\/product_tag?post=701375"}],"curies":[{"name":"wp","href":"https:\/\/api.w.org\/{rel}","templated":true}]}}