{"id":701334,"date":"2024-10-15T10:27:18","date_gmt":"2024-10-15T08:27:18","guid":{"rendered":"https:\/\/streetmarkets.fr\/app\/produit\/robe-rosalya\/"},"modified":"2024-10-15T10:27:54","modified_gmt":"2024-10-15T08:27:54","slug":"robe-rosalya","status":"publish","type":"product","link":"https:\/\/streetmarkets.fr\/app\/produit\/robe-rosalya\/","title":{"rendered":"Robe Rosalya"},"content":{"rendered":"<p>Robe Rosalya Yuka durable et \u00e9thique \u2713 Livraison rapide &amp; paiement en x3 ou x4.<\/p>\n<div class=\"_2qtYo fggS- cell\" dir=\"ltr\">\n<div class=\"WncCi\">\n<div class=\"_2qtYo fggS- cell\" dir=\"ltr\">\n<div class=\"WncCi\">\n<p>&#8211; Robe manches 3\/4<\/p>\n<p>&#8211; D\u00e9collet\u00e9 V devant<\/p>\n<p>&#8211; Fermeture boutonnage \u00e0 brides<\/p>\n<p>&#8211; Poches sur les coutures c\u00f4t\u00e9s<\/p>\n<\/div>\n<\/div>\n<p>Choisissez votre taille habituelle. Entre deux tailles, prenez la taille en-dessous.<\/p>\n<\/div>\n<\/div>\n<p>Composition: 100% Viscose<\/p>\n<p>Lavage \u00e0 30\u00b0 d\u00e9licat<\/p>\n<p>Marque: Yuka<\/p>\n","protected":false},"excerpt":{"rendered":"<p>Robe Rosalya Yuka durable et \u00e9thique \u2713 Livraison rapide &amp; paiement en x3 ou x4. &#8211; Robe manches 3\/4 &#8211; D\u00e9collet\u00e9 V devant &#8211; Fermeture boutonnage \u00e0 brides &#8211; Poches sur les coutures c\u00f4t\u00e9s Choisissez votre taille habituelle. Entre deux tailles, prenez la taille en-dessous. Composition: 100% Viscose Lavage \u00e0 30\u00b0 d\u00e9licat Marque: Yuka<\/p>\n","protected":false},"featured_media":701335,"comment_status":"open","ping_status":"closed","template":"","meta":[],"product_brand":[],"product_cat":[1756,1758],"product_tag":[2244],"acf":[],"_links":{"self":[{"href":"https:\/\/streetmarkets.fr\/app\/wp-json\/wp\/v2\/product\/701334"}],"collection":[{"href":"https:\/\/streetmarkets.fr\/app\/wp-json\/wp\/v2\/product"}],"about":[{"href":"https:\/\/streetmarkets.fr\/app\/wp-json\/wp\/v2\/types\/product"}],"replies":[{"embeddable":true,"href":"https:\/\/streetmarkets.fr\/app\/wp-json\/wp\/v2\/comments?post=701334"}],"wp:featuredmedia":[{"embeddable":true,"href":"https:\/\/streetmarkets.fr\/app\/wp-json\/wp\/v2\/media\/701335"}],"wp:attachment":[{"href":"https:\/\/streetmarkets.fr\/app\/wp-json\/wp\/v2\/media?parent=701334"}],"wp:term":[{"taxonomy":"product_brand","embeddable":true,"href":"https:\/\/streetmarkets.fr\/app\/wp-json\/wp\/v2\/product_brand?post=701334"},{"taxonomy":"product_cat","embeddable":true,"href":"https:\/\/streetmarkets.fr\/app\/wp-json\/wp\/v2\/product_cat?post=701334"},{"taxonomy":"product_tag","embeddable":true,"href":"https:\/\/streetmarkets.fr\/app\/wp-json\/wp\/v2\/product_tag?post=701334"}],"curies":[{"name":"wp","href":"https:\/\/api.w.org\/{rel}","templated":true}]}}