{"id":701333,"date":"2024-10-15T10:27:18","date_gmt":"2024-10-15T08:27:18","guid":{"rendered":"https:\/\/streetmarkets.fr\/app\/?post_type=product_variation&#038;p=701333"},"modified":"2024-10-15T10:33:26","modified_gmt":"2024-10-15T08:33:26","slug":"chemisier-beaute-t3-40-42","status":"publish","type":"product","link":"https:\/\/streetmarkets.fr\/app\/produit\/chemisier-beaute-t3-40-42\/","title":{"rendered":"Shorty sculptant nude"},"content":{"rendered":"<p>D\u00e9couvrez le Shorty Sculptant Nude avec son effet sculptant naturel, son action lissante et invisible sous les v\u00eatements de la marque Yade chez Mamamushi. Click and collect disponible, livraison &amp; paiement s\u00e9curis\u00e9.<\/p>\n<p style=\"margin:0px;font-style:normal;font-size:13px;line-height:normal;font-family:'Helvetica Neue'\">Le Shorty Sculptant Nude offre un effet sculptant naturel sur le bas du ventre et les hanches, sublimant ainsi votre silhouette. Il lisse la zone de la culotte de cheval et des fesses gr\u00e2ce \u00e0 une mati\u00e8re unifiant le grain de peau. Invisible sous les v\u00eatements, il dispose de finitions sans couture et sans d\u00e9marcation au niveau de la ceinture sculptante et des cuisses. Id\u00e9al sous une robe ou une jupe moulante, pour les tenues de mariage, ou sous des mati\u00e8res comme la soie ou le blanc, il peut \u00e9galement \u00eatre port\u00e9 seul avec un tee-shirt oversize.<\/p>\n<p style=\"margin:0px;font-style:normal;font-size:13px;line-height:normal;font-family:'Helvetica Neue'\">\n<p style=\"margin:0px;font-style:normal;font-size:13px;line-height:normal;font-family:'Helvetica Neue'\">Nous vous conseillons de choisir votre taille habituelle. Si vous \u00eates entre deux tailles, nous vous recommandons de choisir la taille sup\u00e9rieure.<\/p>\n<p style=\"margin:0px;font-style:normal;font-size:13px;line-height:normal;font-family:'Helvetica Neue'\">\n<p style=\"margin:0px;font-style:normal;font-size:13px;line-height:normal;font-family:'Helvetica Neue'\">Composition : 76% Polyamide, 24% \u00c9lasthanne.<\/p>\n<p style=\"margin:0px;font-style:normal;font-size:13px;line-height:normal;font-family:'Helvetica Neue'\">Lavage en machine \u00e0 30\u00b0C sans adoucissant. S\u00e9chage \u00e0 l&#8217;air libre.<\/p>\n","protected":false},"excerpt":{"rendered":"<p>Taille: T3 40 42<\/p>\n","protected":false},"featured_media":701330,"comment_status":"closed","ping_status":"closed","template":"","meta":[],"product_brand":[],"product_cat":[1756],"product_tag":[],"acf":[],"_links":{"self":[{"href":"https:\/\/streetmarkets.fr\/app\/wp-json\/wp\/v2\/product\/701333"}],"collection":[{"href":"https:\/\/streetmarkets.fr\/app\/wp-json\/wp\/v2\/product"}],"about":[{"href":"https:\/\/streetmarkets.fr\/app\/wp-json\/wp\/v2\/types\/product"}],"replies":[{"embeddable":true,"href":"https:\/\/streetmarkets.fr\/app\/wp-json\/wp\/v2\/comments?post=701333"}],"wp:featuredmedia":[{"embeddable":true,"href":"https:\/\/streetmarkets.fr\/app\/wp-json\/wp\/v2\/media\/701330"}],"wp:attachment":[{"href":"https:\/\/streetmarkets.fr\/app\/wp-json\/wp\/v2\/media?parent=701333"}],"wp:term":[{"taxonomy":"product_brand","embeddable":true,"href":"https:\/\/streetmarkets.fr\/app\/wp-json\/wp\/v2\/product_brand?post=701333"},{"taxonomy":"product_cat","embeddable":true,"href":"https:\/\/streetmarkets.fr\/app\/wp-json\/wp\/v2\/product_cat?post=701333"},{"taxonomy":"product_tag","embeddable":true,"href":"https:\/\/streetmarkets.fr\/app\/wp-json\/wp\/v2\/product_tag?post=701333"}],"curies":[{"name":"wp","href":"https:\/\/api.w.org\/{rel}","templated":true}]}}