{"id":701329,"date":"2024-10-15T10:27:18","date_gmt":"2024-10-15T08:27:18","guid":{"rendered":"https:\/\/streetmarkets.fr\/app\/produit\/chemisier-beaute\/"},"modified":"2024-10-15T10:27:54","modified_gmt":"2024-10-15T08:27:54","slug":"chemisier-beaute","status":"publish","type":"product","link":"https:\/\/streetmarkets.fr\/app\/produit\/chemisier-beaute\/","title":{"rendered":"Chemisier Beaut\u00e9"},"content":{"rendered":"<p>Chemisier Beaut\u00e9 Yuka durable et \u00e9thique \u2713 Livraison rapide &amp; paiement en x3 ou x4.<\/p>\n<div class=\"_2qtYo fggS- cell\" dir=\"ltr\">\n<div class=\"WncCi\">\n<div class=\"_2qtYo fggS- cell\" dir=\"ltr\">\n<div class=\"WncCi\">\n<p>&#8211; Blouse \u00e0 manches ballon<\/p>\n<p>&#8211; Coupe droite<\/p>\n<p>&#8211; Encolure ronde \u00e0 col lavalli\u00e8re<\/p>\n<p>&#8211; Fermeture boutonn\u00e9e patte cach\u00e9e devant<\/p>\n<p>&#8211; Longueur : 66cm ( pour une taille 2<\/p><\/div>\n<\/div>\n<p>Choisissez votre taille habituelle. Entre deux tailles, prenez la taille en-dessous.<\/p>\n<\/div>\n<\/div>\n<p>Composition: 100 % Viscose<\/p>\n<p>Lavage \u00e0 30\u00b0 d\u00e9licat<\/p>\n<p>Marque: Yuka<\/p>\n","protected":false},"excerpt":{"rendered":"<p>Chemisier Beaut\u00e9 Yuka durable et \u00e9thique \u2713 Livraison rapide &amp; paiement en x3 ou x4. &#8211; Blouse \u00e0 manches ballon &#8211; Coupe droite &#8211; Encolure ronde \u00e0 col lavalli\u00e8re &#8211; Fermeture boutonn\u00e9e patte cach\u00e9e devant &#8211; Longueur : 66cm ( pour une taille 2 Choisissez votre taille habituelle. Entre deux tailles, prenez la taille en-dessous. [&hellip;]<\/p>\n","protected":false},"featured_media":701330,"comment_status":"open","ping_status":"closed","template":"","meta":[],"product_brand":[],"product_cat":[1756,1758],"product_tag":[2244],"acf":[],"_links":{"self":[{"href":"https:\/\/streetmarkets.fr\/app\/wp-json\/wp\/v2\/product\/701329"}],"collection":[{"href":"https:\/\/streetmarkets.fr\/app\/wp-json\/wp\/v2\/product"}],"about":[{"href":"https:\/\/streetmarkets.fr\/app\/wp-json\/wp\/v2\/types\/product"}],"replies":[{"embeddable":true,"href":"https:\/\/streetmarkets.fr\/app\/wp-json\/wp\/v2\/comments?post=701329"}],"wp:featuredmedia":[{"embeddable":true,"href":"https:\/\/streetmarkets.fr\/app\/wp-json\/wp\/v2\/media\/701330"}],"wp:attachment":[{"href":"https:\/\/streetmarkets.fr\/app\/wp-json\/wp\/v2\/media?parent=701329"}],"wp:term":[{"taxonomy":"product_brand","embeddable":true,"href":"https:\/\/streetmarkets.fr\/app\/wp-json\/wp\/v2\/product_brand?post=701329"},{"taxonomy":"product_cat","embeddable":true,"href":"https:\/\/streetmarkets.fr\/app\/wp-json\/wp\/v2\/product_cat?post=701329"},{"taxonomy":"product_tag","embeddable":true,"href":"https:\/\/streetmarkets.fr\/app\/wp-json\/wp\/v2\/product_tag?post=701329"}],"curies":[{"name":"wp","href":"https:\/\/api.w.org\/{rel}","templated":true}]}}