{"id":701322,"date":"2024-10-15T10:27:17","date_gmt":"2024-10-15T08:27:17","guid":{"rendered":"https:\/\/streetmarkets.fr\/app\/produit\/chaussettes-transparentes-chat\/"},"modified":"2024-10-15T10:27:54","modified_gmt":"2024-10-15T08:27:54","slug":"chaussettes-transparentes-chat","status":"publish","type":"product","link":"https:\/\/streetmarkets.fr\/app\/produit\/chaussettes-transparentes-chat\/","title":{"rendered":"Chaussettes Transparentes Chat"},"content":{"rendered":"<p>D\u00e9couvrez les superbes chaussettes transparentes d\u00e9cor\u00e9es de chats de la marque fran\u00e7aise Coucou Suzette chez Mamamushi.<br \/>\nClick and collect disponible, livraison &amp; paiement s\u00e9curis\u00e9.<\/p>\n<div id=\"product-description-tab-content\" class=\"product-description-tab-content tab-pane active\">\n<div class=\"rte\">\n<p class=\"p1\">A laisser d\u00e9passer nonchalamment de ses sneakers ou \u00e0 offrir.<\/p>\n<p class=\"p1\">Chaussettes transparentes \u00e0 motifs, Taille Unique (\u00e0\u00a0peu pr\u00e8s 35-40)..<\/p>\n<p class=\"p1\">Conseils d&#8217;entretien: laver\u00a0\u00e0 froid, s\u00e9cher\u00a0\u00e0 l&#8217;air libre, ne pas repasser.<\/p>\n<\/div>\n<\/div>\n","protected":false},"excerpt":{"rendered":"<p>D\u00e9couvrez les superbes chaussettes transparentes d\u00e9cor\u00e9es de chats de la marque fran\u00e7aise Coucou Suzette chez Mamamushi. Click and collect disponible, livraison &amp; paiement s\u00e9curis\u00e9. A laisser d\u00e9passer nonchalamment de ses sneakers ou \u00e0 offrir. Chaussettes transparentes \u00e0 motifs, Taille Unique (\u00e0\u00a0peu pr\u00e8s 35-40).. Conseils d&#8217;entretien: laver\u00a0\u00e0 froid, s\u00e9cher\u00a0\u00e0 l&#8217;air libre, ne pas repasser.<\/p>\n","protected":false},"featured_media":701323,"comment_status":"open","ping_status":"closed","template":"","meta":[],"product_brand":[],"product_cat":[1756,1764],"product_tag":[2244],"acf":[],"_links":{"self":[{"href":"https:\/\/streetmarkets.fr\/app\/wp-json\/wp\/v2\/product\/701322"}],"collection":[{"href":"https:\/\/streetmarkets.fr\/app\/wp-json\/wp\/v2\/product"}],"about":[{"href":"https:\/\/streetmarkets.fr\/app\/wp-json\/wp\/v2\/types\/product"}],"replies":[{"embeddable":true,"href":"https:\/\/streetmarkets.fr\/app\/wp-json\/wp\/v2\/comments?post=701322"}],"wp:featuredmedia":[{"embeddable":true,"href":"https:\/\/streetmarkets.fr\/app\/wp-json\/wp\/v2\/media\/701323"}],"wp:attachment":[{"href":"https:\/\/streetmarkets.fr\/app\/wp-json\/wp\/v2\/media?parent=701322"}],"wp:term":[{"taxonomy":"product_brand","embeddable":true,"href":"https:\/\/streetmarkets.fr\/app\/wp-json\/wp\/v2\/product_brand?post=701322"},{"taxonomy":"product_cat","embeddable":true,"href":"https:\/\/streetmarkets.fr\/app\/wp-json\/wp\/v2\/product_cat?post=701322"},{"taxonomy":"product_tag","embeddable":true,"href":"https:\/\/streetmarkets.fr\/app\/wp-json\/wp\/v2\/product_tag?post=701322"}],"curies":[{"name":"wp","href":"https:\/\/api.w.org\/{rel}","templated":true}]}}