{"id":701315,"date":"2024-10-15T10:27:17","date_gmt":"2024-10-15T08:27:17","guid":{"rendered":"https:\/\/streetmarkets.fr\/app\/produit\/headband-uni-au-choix\/"},"modified":"2024-10-15T10:27:54","modified_gmt":"2024-10-15T08:27:54","slug":"headband-uni-au-choix","status":"publish","type":"product","link":"https:\/\/streetmarkets.fr\/app\/produit\/headband-uni-au-choix\/","title":{"rendered":"Headband uni (au choix)"},"content":{"rendered":"<p>Headband uni (au choix) Laure Derrey durable et \u00e9thique \u2713 Livraison rapide &amp; paiement en x3 ou x4.<\/p>\n<p class=\"p1\" style=\"margin:0px;font-size:12px;line-height:normal;font-family:'Helvetica Neue'\">D\u00e9couvrez le headband\u00a0Babeth\u00a0et son magnifique drap\u00e9 aux accents r\u00e9tro. D\u00e9clin\u00e9e en une multitude d\u2019unis et d\u2019imprim\u00e9s, cette pi\u00e8ce cam\u00e9l\u00e9on permet un panel infini de coiffures et s\u2019adapte \u00e0 toutes les personnalit\u00e9s. Un accessoire tendance, parfait pour pimenter vos looks d\u2019une touche d\u2019originalit\u00e9 en un clin d\u2019oeil !<\/p>\n<p class=\"p2\" style=\"margin:0px;font-size:12px;line-height:normal;font-family:'Helvetica Neue';min-height:14px\">\n<p class=\"p1\" style=\"margin:0px;font-size:12px;line-height:normal;font-family:'Helvetica Neue'\"><b>Les petits + des headbands :<\/b><br \/>\u2013 Headbands\u00a0\u00e9thiques\u00a0made in Paris<br \/>\u2013\u00a0Confection haut de gamme\u00a0et finitions soign\u00e9es<br \/>\u2013\u00a0\u00c9ditions\u00a0limit\u00e9es\u00a0: vous ne le retrouverez pas sur tout le monde !<\/p>\n<p class=\"p1\" style=\"margin:0px;font-size:12px;line-height:normal;font-family:'Helvetica Neue'\">\n<p class=\"p1\" style=\"margin:0px;font-size:12px;line-height:normal;font-family:'Helvetica Neue'\"><b>D\u00e9tails techniques<\/b>\u00a0:<br \/>\u2013 Drap\u00e9 d\u2019environ 9 cm sur le devant<br \/>\u2013\u00a0Confort, souplesse et maintien gr\u00e2ce \u00e0 son \u00e9lastique\u00a0dos<\/p>\n<p class=\"p3\" style=\"margin:0px;font-size:12px;line-height:normal;font-family:'Helvetica Neue';min-height:15px\">\n<p class=\"p1\" style=\"margin:0px;font-size:12px;line-height:normal;font-family:'Helvetica Neue'\"><b>Composition<\/b>\u00a0: 100 %\u00a0Polyester<\/p>\n<p class=\"p3\" style=\"margin:0px;font-size:12px;line-height:normal;font-family:'Helvetica Neue';min-height:15px\">\n<p class=\"p1\" style=\"margin:0px;font-size:12px;line-height:normal;font-family:'Helvetica Neue'\"><b>Entretien :<\/b>\u00a0Lavage cycle d\u00e9licat 30\u00b0, essorage doux.<\/p>\n<p>Marque:\u00a0Laure Derrey<\/p>\n<\/p>\n<\/p>\n<p class=\"p1\" style=\"margin:0px;font-size:12px;line-height:normal;font-family:'Helvetica Neue'\">De nombreux autres mod\u00e8les sont disponibles dans notre boutique parisienne.<\/p>\n","protected":false},"excerpt":{"rendered":"<p>Headband uni (au choix) Laure Derrey durable et \u00e9thique \u2713 Livraison rapide &amp; paiement en x3 ou x4. D\u00e9couvrez le headband\u00a0Babeth\u00a0et son magnifique drap\u00e9 aux accents r\u00e9tro. D\u00e9clin\u00e9e en une multitude d\u2019unis et d\u2019imprim\u00e9s, cette pi\u00e8ce cam\u00e9l\u00e9on permet un panel infini de coiffures et s\u2019adapte \u00e0 toutes les personnalit\u00e9s. Un accessoire tendance, parfait pour pimenter [&hellip;]<\/p>\n","protected":false},"featured_media":701316,"comment_status":"open","ping_status":"closed","template":"","meta":[],"product_brand":[],"product_cat":[1756,1764],"product_tag":[2244],"acf":[],"_links":{"self":[{"href":"https:\/\/streetmarkets.fr\/app\/wp-json\/wp\/v2\/product\/701315"}],"collection":[{"href":"https:\/\/streetmarkets.fr\/app\/wp-json\/wp\/v2\/product"}],"about":[{"href":"https:\/\/streetmarkets.fr\/app\/wp-json\/wp\/v2\/types\/product"}],"replies":[{"embeddable":true,"href":"https:\/\/streetmarkets.fr\/app\/wp-json\/wp\/v2\/comments?post=701315"}],"wp:featuredmedia":[{"embeddable":true,"href":"https:\/\/streetmarkets.fr\/app\/wp-json\/wp\/v2\/media\/701316"}],"wp:attachment":[{"href":"https:\/\/streetmarkets.fr\/app\/wp-json\/wp\/v2\/media?parent=701315"}],"wp:term":[{"taxonomy":"product_brand","embeddable":true,"href":"https:\/\/streetmarkets.fr\/app\/wp-json\/wp\/v2\/product_brand?post=701315"},{"taxonomy":"product_cat","embeddable":true,"href":"https:\/\/streetmarkets.fr\/app\/wp-json\/wp\/v2\/product_cat?post=701315"},{"taxonomy":"product_tag","embeddable":true,"href":"https:\/\/streetmarkets.fr\/app\/wp-json\/wp\/v2\/product_tag?post=701315"}],"curies":[{"name":"wp","href":"https:\/\/api.w.org\/{rel}","templated":true}]}}