{"id":701309,"date":"2024-10-15T10:27:17","date_gmt":"2024-10-15T08:27:17","guid":{"rendered":"https:\/\/streetmarkets.fr\/app\/produit\/veste-dengri-jean-fonce\/"},"modified":"2024-10-15T10:27:54","modified_gmt":"2024-10-15T08:27:54","slug":"veste-dengri-jean-fonce","status":"publish","type":"product","link":"https:\/\/streetmarkets.fr\/app\/produit\/veste-dengri-jean-fonce\/","title":{"rendered":"Veste Dengri jean fonc\u00e9"},"content":{"rendered":"<p>Veste Dengri jean fonc\u00e9 Mamamushi Studio durable et \u00e9thique \u2713 Livraison rapide &amp; paiement en x3 ou x4.<\/p>\n<p>Cette blouse unisexe en coton \u00e9pais reprend les codes du traditionnel bleu de chine appel\u00e9 Dengri.<\/p>\n<p>Export\u00e9 de Chine vers la France dans les ann\u00e9es 30, il s&#8217;est aussi introduit dans la culture tunisienne. Symbole gauchiste et mao\u00efste, l&#8217;uniforme est aujourd&#8217;hui port\u00e9 dans la vie de tous les jours, aussi bien par les hommes que par les femmes.<\/p>\n<p>Un clin d&#8217;\u0153il pour les amateurs du Dengri.<\/p>\n<p>Veste en jean \u00e9pais . Elle existe aussi en version surchemise avec un coton plus fin.<\/p>\n<p>100% coton.<\/p>\n<p>Cr\u00e9ation Mamamushi Studio.<\/p>\n<p>Le mod\u00e8le existe aussi en version veste avec un coton plus \u00e9pais.<\/p>\n<p>Si vous \u00eate entre deux tailles, prenez la plus petite.<\/p>\n","protected":false},"excerpt":{"rendered":"<p>Veste Dengri jean fonc\u00e9 Mamamushi Studio durable et \u00e9thique \u2713 Livraison rapide &amp; paiement en x3 ou x4. Cette blouse unisexe en coton \u00e9pais reprend les codes du traditionnel bleu de chine appel\u00e9 Dengri. Export\u00e9 de Chine vers la France dans les ann\u00e9es 30, il s&#8217;est aussi introduit dans la culture tunisienne. Symbole gauchiste et [&hellip;]<\/p>\n","protected":false},"featured_media":701310,"comment_status":"open","ping_status":"closed","template":"","meta":[],"product_brand":[],"product_cat":[1756,1758],"product_tag":[2244],"acf":[],"_links":{"self":[{"href":"https:\/\/streetmarkets.fr\/app\/wp-json\/wp\/v2\/product\/701309"}],"collection":[{"href":"https:\/\/streetmarkets.fr\/app\/wp-json\/wp\/v2\/product"}],"about":[{"href":"https:\/\/streetmarkets.fr\/app\/wp-json\/wp\/v2\/types\/product"}],"replies":[{"embeddable":true,"href":"https:\/\/streetmarkets.fr\/app\/wp-json\/wp\/v2\/comments?post=701309"}],"wp:featuredmedia":[{"embeddable":true,"href":"https:\/\/streetmarkets.fr\/app\/wp-json\/wp\/v2\/media\/701310"}],"wp:attachment":[{"href":"https:\/\/streetmarkets.fr\/app\/wp-json\/wp\/v2\/media?parent=701309"}],"wp:term":[{"taxonomy":"product_brand","embeddable":true,"href":"https:\/\/streetmarkets.fr\/app\/wp-json\/wp\/v2\/product_brand?post=701309"},{"taxonomy":"product_cat","embeddable":true,"href":"https:\/\/streetmarkets.fr\/app\/wp-json\/wp\/v2\/product_cat?post=701309"},{"taxonomy":"product_tag","embeddable":true,"href":"https:\/\/streetmarkets.fr\/app\/wp-json\/wp\/v2\/product_tag?post=701309"}],"curies":[{"name":"wp","href":"https:\/\/api.w.org\/{rel}","templated":true}]}}