{"id":701276,"date":"2024-10-15T10:27:16","date_gmt":"2024-10-15T08:27:16","guid":{"rendered":"https:\/\/streetmarkets.fr\/app\/produit\/chaussettes-enceinte\/"},"modified":"2024-10-15T10:27:53","modified_gmt":"2024-10-15T08:27:53","slug":"chaussettes-enceinte","status":"publish","type":"product","link":"https:\/\/streetmarkets.fr\/app\/produit\/chaussettes-enceinte\/","title":{"rendered":"Chaussettes Enceinte"},"content":{"rendered":"<p>Chaussettes Enceinte Coucou Suzette durable et \u00e9thique \u2713 Livraison rapide &amp; paiement en x3 ou x4.<\/p>\n<p dir=\"ltr\"><span>Ces chaussettes feront le cadeau id\u00e9al si vous voulez f\u00e9liciter votre copine enceinte \u00e0 sa Baby Shower ou annoncer quelque chose de tr\u00e8s sp\u00e9cial d&#8217;une fa\u00e7on originale \ud83d\ude42 <\/span><\/p>\n<p dir=\"ltr\"><span>Existe en version femme rousse, noire, m\u00e9tisse et blanche.<br \/><\/span><\/p>\n<p>Chaussettes en coton douillet fabriqu\u00e9es en France Taille Unique (convient du 35 au 44).<\/p>\n<p>Composition: Coton 72%, Polyamide 27%, Elasthanne 1%<\/p>\n<p>Marque: Coucou Suzette<\/p>\n","protected":false},"excerpt":{"rendered":"<p>Chaussettes Enceinte Coucou Suzette durable et \u00e9thique \u2713 Livraison rapide &amp; paiement en x3 ou x4. Ces chaussettes feront le cadeau id\u00e9al si vous voulez f\u00e9liciter votre copine enceinte \u00e0 sa Baby Shower ou annoncer quelque chose de tr\u00e8s sp\u00e9cial d&#8217;une fa\u00e7on originale \ud83d\ude42 Existe en version femme rousse, noire, m\u00e9tisse et blanche. Chaussettes en [&hellip;]<\/p>\n","protected":false},"featured_media":701277,"comment_status":"open","ping_status":"closed","template":"","meta":[],"product_brand":[],"product_cat":[1756,1764],"product_tag":[2244],"acf":[],"_links":{"self":[{"href":"https:\/\/streetmarkets.fr\/app\/wp-json\/wp\/v2\/product\/701276"}],"collection":[{"href":"https:\/\/streetmarkets.fr\/app\/wp-json\/wp\/v2\/product"}],"about":[{"href":"https:\/\/streetmarkets.fr\/app\/wp-json\/wp\/v2\/types\/product"}],"replies":[{"embeddable":true,"href":"https:\/\/streetmarkets.fr\/app\/wp-json\/wp\/v2\/comments?post=701276"}],"wp:featuredmedia":[{"embeddable":true,"href":"https:\/\/streetmarkets.fr\/app\/wp-json\/wp\/v2\/media\/701277"}],"wp:attachment":[{"href":"https:\/\/streetmarkets.fr\/app\/wp-json\/wp\/v2\/media?parent=701276"}],"wp:term":[{"taxonomy":"product_brand","embeddable":true,"href":"https:\/\/streetmarkets.fr\/app\/wp-json\/wp\/v2\/product_brand?post=701276"},{"taxonomy":"product_cat","embeddable":true,"href":"https:\/\/streetmarkets.fr\/app\/wp-json\/wp\/v2\/product_cat?post=701276"},{"taxonomy":"product_tag","embeddable":true,"href":"https:\/\/streetmarkets.fr\/app\/wp-json\/wp\/v2\/product_tag?post=701276"}],"curies":[{"name":"wp","href":"https:\/\/api.w.org\/{rel}","templated":true}]}}