{"id":701272,"date":"2024-10-15T10:27:15","date_gmt":"2024-10-15T08:27:15","guid":{"rendered":"https:\/\/streetmarkets.fr\/app\/produit\/chaussettes-moules-frites\/"},"modified":"2024-10-15T10:27:53","modified_gmt":"2024-10-15T08:27:53","slug":"chaussettes-moules-frites","status":"publish","type":"product","link":"https:\/\/streetmarkets.fr\/app\/produit\/chaussettes-moules-frites\/","title":{"rendered":"Chaussettes Moules Frites"},"content":{"rendered":"<p>Chaussettes Moules Frites Coucou Suzette durable et \u00e9thique \u2713 Livraison rapide &amp; paiement en x3 ou x4.<\/p>\n<p><span>Oh vous y voyez une m\u00e9taphore? Ah bon?!<\/span><\/p>\n<p><span>Chaussettes d\u00e9pareill\u00e9es e<\/span>n coton douillet vert, Taille Unique (convient du 35 au 44), elles peuvent aussi aller aux hommes!<\/p>\n<p><span>Fabriqu\u00e9es\u00a0en France en petite quantit\u00e9.<\/span><\/p>\n","protected":false},"excerpt":{"rendered":"<p>Chaussettes Moules Frites Coucou Suzette durable et \u00e9thique \u2713 Livraison rapide &amp; paiement en x3 ou x4. Oh vous y voyez une m\u00e9taphore? Ah bon?! Chaussettes d\u00e9pareill\u00e9es en coton douillet vert, Taille Unique (convient du 35 au 44), elles peuvent aussi aller aux hommes! Fabriqu\u00e9es\u00a0en France en petite quantit\u00e9.<\/p>\n","protected":false},"featured_media":701273,"comment_status":"open","ping_status":"closed","template":"","meta":[],"product_brand":[],"product_cat":[1756,1764],"product_tag":[2244],"acf":[],"_links":{"self":[{"href":"https:\/\/streetmarkets.fr\/app\/wp-json\/wp\/v2\/product\/701272"}],"collection":[{"href":"https:\/\/streetmarkets.fr\/app\/wp-json\/wp\/v2\/product"}],"about":[{"href":"https:\/\/streetmarkets.fr\/app\/wp-json\/wp\/v2\/types\/product"}],"replies":[{"embeddable":true,"href":"https:\/\/streetmarkets.fr\/app\/wp-json\/wp\/v2\/comments?post=701272"}],"wp:featuredmedia":[{"embeddable":true,"href":"https:\/\/streetmarkets.fr\/app\/wp-json\/wp\/v2\/media\/701273"}],"wp:attachment":[{"href":"https:\/\/streetmarkets.fr\/app\/wp-json\/wp\/v2\/media?parent=701272"}],"wp:term":[{"taxonomy":"product_brand","embeddable":true,"href":"https:\/\/streetmarkets.fr\/app\/wp-json\/wp\/v2\/product_brand?post=701272"},{"taxonomy":"product_cat","embeddable":true,"href":"https:\/\/streetmarkets.fr\/app\/wp-json\/wp\/v2\/product_cat?post=701272"},{"taxonomy":"product_tag","embeddable":true,"href":"https:\/\/streetmarkets.fr\/app\/wp-json\/wp\/v2\/product_tag?post=701272"}],"curies":[{"name":"wp","href":"https:\/\/api.w.org\/{rel}","templated":true}]}}