{"id":701251,"date":"2024-10-15T10:27:14","date_gmt":"2024-10-15T08:27:14","guid":{"rendered":"https:\/\/streetmarkets.fr\/app\/produit\/bola-de-grossesse-harmony\/"},"modified":"2024-10-15T10:27:53","modified_gmt":"2024-10-15T08:27:53","slug":"bola-de-grossesse-harmony","status":"publish","type":"product","link":"https:\/\/streetmarkets.fr\/app\/produit\/bola-de-grossesse-harmony\/","title":{"rendered":"Bola de grossesse Harmony"},"content":{"rendered":"<p>Bola de grossesse Harmony Ilado durable et \u00e9thique \u2713 Livraison rapide &amp; paiement en x3 ou x4.<\/p>\n<div id=\"product-description-tab-content\" class=\"product-description-tab-content tab-pane active\">\n<div class=\"rte\">\n<p class=\"p1\"><span>Le doux tintement de ce Bola de grossesse sera porteur d\u2019apaisement pour les mamans et leur b\u00e9b\u00e9.<\/span><br \/><span>La puret\u00e9 de ce sautoir minimaliste et \u00e9l\u00e9gant vous permettra de l\u2019associer avec un collier plus court pour cr\u00e9er des cascades pr\u00e9cieuses.<\/span><br \/><span>Apr\u00e8s la naissance, son tintement familier deviendra une source de calme pour votre b\u00e9b\u00e9 en lui rappelant le confort de sa vie ut\u00e9rine.<\/span><br \/><span>Une cr\u00e9ation intemporelle \u00e0 conserver comme le souvenir d&#8217;un instant de vie unique et le symbole du lien infini qui se tisse d\u00e8s les premiers instants entre une m\u00e8re et son enfant.\u00a0<\/span><\/p>\n<\/div>\n<\/div>\n","protected":false},"excerpt":{"rendered":"<p>Bola de grossesse Harmony Ilado durable et \u00e9thique \u2713 Livraison rapide &amp; paiement en x3 ou x4. Le doux tintement de ce Bola de grossesse sera porteur d\u2019apaisement pour les mamans et leur b\u00e9b\u00e9.La puret\u00e9 de ce sautoir minimaliste et \u00e9l\u00e9gant vous permettra de l\u2019associer avec un collier plus court pour cr\u00e9er des cascades pr\u00e9cieuses.Apr\u00e8s [&hellip;]<\/p>\n","protected":false},"featured_media":701252,"comment_status":"open","ping_status":"closed","template":"","meta":[],"product_brand":[],"product_cat":[1756,1764],"product_tag":[2244],"acf":[],"_links":{"self":[{"href":"https:\/\/streetmarkets.fr\/app\/wp-json\/wp\/v2\/product\/701251"}],"collection":[{"href":"https:\/\/streetmarkets.fr\/app\/wp-json\/wp\/v2\/product"}],"about":[{"href":"https:\/\/streetmarkets.fr\/app\/wp-json\/wp\/v2\/types\/product"}],"replies":[{"embeddable":true,"href":"https:\/\/streetmarkets.fr\/app\/wp-json\/wp\/v2\/comments?post=701251"}],"wp:featuredmedia":[{"embeddable":true,"href":"https:\/\/streetmarkets.fr\/app\/wp-json\/wp\/v2\/media\/701252"}],"wp:attachment":[{"href":"https:\/\/streetmarkets.fr\/app\/wp-json\/wp\/v2\/media?parent=701251"}],"wp:term":[{"taxonomy":"product_brand","embeddable":true,"href":"https:\/\/streetmarkets.fr\/app\/wp-json\/wp\/v2\/product_brand?post=701251"},{"taxonomy":"product_cat","embeddable":true,"href":"https:\/\/streetmarkets.fr\/app\/wp-json\/wp\/v2\/product_cat?post=701251"},{"taxonomy":"product_tag","embeddable":true,"href":"https:\/\/streetmarkets.fr\/app\/wp-json\/wp\/v2\/product_tag?post=701251"}],"curies":[{"name":"wp","href":"https:\/\/api.w.org\/{rel}","templated":true}]}}