{"id":701150,"date":"2024-10-15T10:26:50","date_gmt":"2024-10-15T08:26:50","guid":{"rendered":"https:\/\/streetmarkets.fr\/app\/produit\/collier-pampilles-turquoise-et-dore-virginie-berman\/"},"modified":"2026-04-28T08:37:27","modified_gmt":"2026-04-28T06:37:27","slug":"collier-pampilles-turquoise-et-dore-virginie-berman","status":"publish","type":"product","link":"https:\/\/streetmarkets.fr\/app\/produit\/collier-pampilles-turquoise-et-dore-virginie-berman\/","title":{"rendered":"Collier Pampilles Turquoise et dor\u00e9 &#8211; Virginie Berman"},"content":{"rendered":"<p>Ravissant collier avec des turquoises et des m\u00e9dailles dor\u00e9s.<\/p>\n","protected":false},"excerpt":{"rendered":"<p>Ravissant collier avec des turquoises et des m\u00e9dailles dor\u00e9s.<\/p>\n","protected":false},"featured_media":701151,"comment_status":"open","ping_status":"closed","template":"","meta":[],"product_brand":[],"product_cat":[1807,1756],"product_tag":[2244],"acf":[],"_links":{"self":[{"href":"https:\/\/streetmarkets.fr\/app\/wp-json\/wp\/v2\/product\/701150"}],"collection":[{"href":"https:\/\/streetmarkets.fr\/app\/wp-json\/wp\/v2\/product"}],"about":[{"href":"https:\/\/streetmarkets.fr\/app\/wp-json\/wp\/v2\/types\/product"}],"replies":[{"embeddable":true,"href":"https:\/\/streetmarkets.fr\/app\/wp-json\/wp\/v2\/comments?post=701150"}],"wp:featuredmedia":[{"embeddable":true,"href":"https:\/\/streetmarkets.fr\/app\/wp-json\/wp\/v2\/media\/701151"}],"wp:attachment":[{"href":"https:\/\/streetmarkets.fr\/app\/wp-json\/wp\/v2\/media?parent=701150"}],"wp:term":[{"taxonomy":"product_brand","embeddable":true,"href":"https:\/\/streetmarkets.fr\/app\/wp-json\/wp\/v2\/product_brand?post=701150"},{"taxonomy":"product_cat","embeddable":true,"href":"https:\/\/streetmarkets.fr\/app\/wp-json\/wp\/v2\/product_cat?post=701150"},{"taxonomy":"product_tag","embeddable":true,"href":"https:\/\/streetmarkets.fr\/app\/wp-json\/wp\/v2\/product_tag?post=701150"}],"curies":[{"name":"wp","href":"https:\/\/api.w.org\/{rel}","templated":true}]}}