{"id":701141,"date":"2024-10-15T10:26:49","date_gmt":"2024-10-15T08:26:49","guid":{"rendered":"https:\/\/streetmarkets.fr\/app\/produit\/sandales-mona-noir-delphine-victor\/"},"modified":"2026-04-12T08:37:29","modified_gmt":"2026-04-12T06:37:29","slug":"sandales-mona-noir-delphine-victor","status":"publish","type":"product","link":"https:\/\/streetmarkets.fr\/app\/produit\/sandales-mona-noir-delphine-victor\/","title":{"rendered":"Sandales MONA Noir &#8211; Delphine &amp; Victor"},"content":{"rendered":"<p><span style=\"font-family: -apple-system, BlinkMacSystemFont, 'San Francisco', 'Segoe UI', Roboto, 'Helvetica Neue', sans-serif;font-size: 0.875rem\"><br \/>\n<span data-mce-fragment=\"1\">Mule \u00e0 double brides entrelac\u00e9es. Simplement jolie et facile \u00e0 enfiler.<\/span><\/span><\/p>\n<p><span>Les brides et la semelle sup\u00e9rieure sont en cuir de bovin, qui a subi un tannage V\u00c9G\u00c9TAL. La semelle ext\u00e9rieure est en gomme, comme le veut la tradition grecque. Cette semelle apporte l\u00e9g\u00e8ret\u00e9 et confort extr\u00eame<\/span><\/p>\n<p class=\"p1\">\u00a0<\/p>\n<p class=\"p2\"><strong>Pour limiter les d\u00e9chets,<\/strong><span>\u00a0<\/span>nous pr\u00e9f\u00e9rons ne pas fournir de bo\u00eete \u00e0 nos sandales mais un pochon en coton biologique.<\/p>\n","protected":false},"excerpt":{"rendered":"<p>Mule \u00e0 double brides entrelac\u00e9es. Simplement jolie et facile \u00e0 enfiler. Les brides et la semelle sup\u00e9rieure sont en cuir de bovin, qui a subi un tannage V\u00c9G\u00c9TAL. La semelle ext\u00e9rieure est en gomme, comme le veut la tradition grecque. Cette semelle apporte l\u00e9g\u00e8ret\u00e9 et confort extr\u00eame \u00a0 Pour limiter les d\u00e9chets,\u00a0nous pr\u00e9f\u00e9rons ne pas [&hellip;]<\/p>\n","protected":false},"featured_media":701142,"comment_status":"open","ping_status":"closed","template":"","meta":[],"product_brand":[],"product_cat":[1756,1763],"product_tag":[2244],"acf":[],"_links":{"self":[{"href":"https:\/\/streetmarkets.fr\/app\/wp-json\/wp\/v2\/product\/701141"}],"collection":[{"href":"https:\/\/streetmarkets.fr\/app\/wp-json\/wp\/v2\/product"}],"about":[{"href":"https:\/\/streetmarkets.fr\/app\/wp-json\/wp\/v2\/types\/product"}],"replies":[{"embeddable":true,"href":"https:\/\/streetmarkets.fr\/app\/wp-json\/wp\/v2\/comments?post=701141"}],"wp:featuredmedia":[{"embeddable":true,"href":"https:\/\/streetmarkets.fr\/app\/wp-json\/wp\/v2\/media\/701142"}],"wp:attachment":[{"href":"https:\/\/streetmarkets.fr\/app\/wp-json\/wp\/v2\/media?parent=701141"}],"wp:term":[{"taxonomy":"product_brand","embeddable":true,"href":"https:\/\/streetmarkets.fr\/app\/wp-json\/wp\/v2\/product_brand?post=701141"},{"taxonomy":"product_cat","embeddable":true,"href":"https:\/\/streetmarkets.fr\/app\/wp-json\/wp\/v2\/product_cat?post=701141"},{"taxonomy":"product_tag","embeddable":true,"href":"https:\/\/streetmarkets.fr\/app\/wp-json\/wp\/v2\/product_tag?post=701141"}],"curies":[{"name":"wp","href":"https:\/\/api.w.org\/{rel}","templated":true}]}}