{"id":701138,"date":"2024-10-15T10:26:49","date_gmt":"2024-10-15T08:26:49","guid":{"rendered":"https:\/\/streetmarkets.fr\/app\/produit\/sandales-ambre-noir-delphine-victor\/"},"modified":"2026-05-10T08:37:05","modified_gmt":"2026-05-10T06:37:05","slug":"sandales-ambre-noir-delphine-victor","status":"publish","type":"product","link":"https:\/\/streetmarkets.fr\/app\/produit\/sandales-ambre-noir-delphine-victor\/","title":{"rendered":"Sandales AMBRE Noir &#8211; Delphine &amp; Victor"},"content":{"rendered":"<p class=\"p1\"><span class=\"s1\">Sandales multi-brides en cuir souple. Fermeture avec bride \u00e0 boucle au dessus du pied. Pour un parfait maintien de la cheville.<\/span><\/p>\n<p class=\"p1\"><span class=\"s1\">La semelle ext\u00e9rieure est en gomme, comme le veut la tradition grecque. Cette semelle apporte <strong>l\u00e9g\u00e8ret\u00e9 et confort extr\u00eame.<\/strong><\/span><\/p>\n<p class=\"p2\"><strong>Pour limiter les d\u00e9chets,<\/strong><span>\u00a0<\/span>nous pr\u00e9f\u00e9rons ne pas fournir de bo\u00eete \u00e0 nos sandales mais un pochon en coton biologique.<\/p>\n<p class=\"p2\">\u00a0<\/p>\n","protected":false},"excerpt":{"rendered":"<p>Sandales multi-brides en cuir souple. Fermeture avec bride \u00e0 boucle au dessus du pied. Pour un parfait maintien de la cheville. La semelle ext\u00e9rieure est en gomme, comme le veut la tradition grecque. Cette semelle apporte l\u00e9g\u00e8ret\u00e9 et confort extr\u00eame. Pour limiter les d\u00e9chets,\u00a0nous pr\u00e9f\u00e9rons ne pas fournir de bo\u00eete \u00e0 nos sandales mais un [&hellip;]<\/p>\n","protected":false},"featured_media":701139,"comment_status":"open","ping_status":"closed","template":"","meta":[],"product_brand":[],"product_cat":[1756,1763],"product_tag":[2244],"acf":[],"_links":{"self":[{"href":"https:\/\/streetmarkets.fr\/app\/wp-json\/wp\/v2\/product\/701138"}],"collection":[{"href":"https:\/\/streetmarkets.fr\/app\/wp-json\/wp\/v2\/product"}],"about":[{"href":"https:\/\/streetmarkets.fr\/app\/wp-json\/wp\/v2\/types\/product"}],"replies":[{"embeddable":true,"href":"https:\/\/streetmarkets.fr\/app\/wp-json\/wp\/v2\/comments?post=701138"}],"wp:featuredmedia":[{"embeddable":true,"href":"https:\/\/streetmarkets.fr\/app\/wp-json\/wp\/v2\/media\/701139"}],"wp:attachment":[{"href":"https:\/\/streetmarkets.fr\/app\/wp-json\/wp\/v2\/media?parent=701138"}],"wp:term":[{"taxonomy":"product_brand","embeddable":true,"href":"https:\/\/streetmarkets.fr\/app\/wp-json\/wp\/v2\/product_brand?post=701138"},{"taxonomy":"product_cat","embeddable":true,"href":"https:\/\/streetmarkets.fr\/app\/wp-json\/wp\/v2\/product_cat?post=701138"},{"taxonomy":"product_tag","embeddable":true,"href":"https:\/\/streetmarkets.fr\/app\/wp-json\/wp\/v2\/product_tag?post=701138"}],"curies":[{"name":"wp","href":"https:\/\/api.w.org\/{rel}","templated":true}]}}