{"id":701135,"date":"2024-10-15T10:26:49","date_gmt":"2024-10-15T08:26:49","guid":{"rendered":"https:\/\/streetmarkets.fr\/app\/produit\/sandales-romy-noir-delphine-victor\/"},"modified":"2026-05-03T08:37:22","modified_gmt":"2026-05-03T06:37:22","slug":"sandales-romy-noir-delphine-victor","status":"publish","type":"product","link":"https:\/\/streetmarkets.fr\/app\/produit\/sandales-romy-noir-delphine-victor\/","title":{"rendered":"Sandales ROMY Noir &#8211; Delphine &amp; Victor"},"content":{"rendered":"<p class=\"p1\"><span class=\"s1\">Sandale \u00e0 larges brides crois\u00e9es au niveau du pied et de la cheville. Se ferme et s&#8217;ajuste gr\u00e2ce \u00e0 la boucle autour de la cheville, assurant ainsi un maintien parfait et confort absolu.<\/span><\/p>\n<p class=\"p1\"><span class=\"s1\">Cette semelle apporte\u00a0<strong>l\u00e9g\u00e8ret\u00e9<\/strong> \u00e0 la chaussure; ainsi qu&#8217;un plus <strong>grand confort<\/strong> et stabilit\u00e9 en cas de pluie.\u00a0<\/span><\/p>\n<p class=\"p2\"><strong>Pour limiter les d\u00e9chets,<\/strong><span>\u00a0<\/span>nous pr\u00e9f\u00e9rons ne pas fournir de bo\u00eete \u00e0 nos sandales mais un pochon en coton biologique.<\/p>\n<p>\u00a0<\/p>\n","protected":false},"excerpt":{"rendered":"<p>Sandale \u00e0 larges brides crois\u00e9es au niveau du pied et de la cheville. Se ferme et s&#8217;ajuste gr\u00e2ce \u00e0 la boucle autour de la cheville, assurant ainsi un maintien parfait et confort absolu. Cette semelle apporte\u00a0l\u00e9g\u00e8ret\u00e9 \u00e0 la chaussure; ainsi qu&#8217;un plus grand confort et stabilit\u00e9 en cas de pluie.\u00a0 Pour limiter les d\u00e9chets,\u00a0nous pr\u00e9f\u00e9rons [&hellip;]<\/p>\n","protected":false},"featured_media":701136,"comment_status":"open","ping_status":"closed","template":"","meta":[],"product_brand":[],"product_cat":[1756,1763],"product_tag":[2244],"acf":[],"_links":{"self":[{"href":"https:\/\/streetmarkets.fr\/app\/wp-json\/wp\/v2\/product\/701135"}],"collection":[{"href":"https:\/\/streetmarkets.fr\/app\/wp-json\/wp\/v2\/product"}],"about":[{"href":"https:\/\/streetmarkets.fr\/app\/wp-json\/wp\/v2\/types\/product"}],"replies":[{"embeddable":true,"href":"https:\/\/streetmarkets.fr\/app\/wp-json\/wp\/v2\/comments?post=701135"}],"wp:featuredmedia":[{"embeddable":true,"href":"https:\/\/streetmarkets.fr\/app\/wp-json\/wp\/v2\/media\/701136"}],"wp:attachment":[{"href":"https:\/\/streetmarkets.fr\/app\/wp-json\/wp\/v2\/media?parent=701135"}],"wp:term":[{"taxonomy":"product_brand","embeddable":true,"href":"https:\/\/streetmarkets.fr\/app\/wp-json\/wp\/v2\/product_brand?post=701135"},{"taxonomy":"product_cat","embeddable":true,"href":"https:\/\/streetmarkets.fr\/app\/wp-json\/wp\/v2\/product_cat?post=701135"},{"taxonomy":"product_tag","embeddable":true,"href":"https:\/\/streetmarkets.fr\/app\/wp-json\/wp\/v2\/product_tag?post=701135"}],"curies":[{"name":"wp","href":"https:\/\/api.w.org\/{rel}","templated":true}]}}