{"id":701130,"date":"2024-10-15T10:26:48","date_gmt":"2024-10-15T08:26:48","guid":{"rendered":"https:\/\/streetmarkets.fr\/app\/produit\/sandales-lou-noir-delphine-victor\/"},"modified":"2026-05-12T08:37:24","modified_gmt":"2026-05-12T06:37:24","slug":"sandales-lou-noir-delphine-victor","status":"publish","type":"product","link":"https:\/\/streetmarkets.fr\/app\/produit\/sandales-lou-noir-delphine-victor\/","title":{"rendered":"Sandales LOU Noir &#8211; Delphine &amp; Victor"},"content":{"rendered":"<p data-mce-fragment=\"1\">Mule double bride. Simplement jolie et facile \u00e0 enfiler. Elle s&#8217;ajuste aux pieds les plus fins comme les plus forts, gr\u00e2ce \u00e0 sa boucle.\u00a0<\/p>\n<p data-mce-fragment=\"1\"><span class=\"s1\" data-mce-fragment=\"1\">Cette semelle apporte<strong data-mce-fragment=\"1\"><span data-mce-fragment=\"1\">\u00a0<\/span>l\u00e9g\u00e8ret\u00e9<\/strong><span data-mce-fragment=\"1\">\u00a0<\/span>\u00e0 la chaussure; ainsi qu&#8217;un plus<span data-mce-fragment=\"1\">\u00a0<\/span><strong data-mce-fragment=\"1\">grand confort<\/strong><span data-mce-fragment=\"1\">\u00a0<\/span>et stabilit\u00e9 en cas de pluie. <\/span><\/p>\n<p data-mce-fragment=\"1\"><strong data-mce-fragment=\"1\">Pour limiter les d\u00e9chets,<\/strong><span data-mce-fragment=\"1\">\u00a0<\/span>nous pr\u00e9f\u00e9rons ne pas fournir de bo\u00eete \u00e0 nos sandales mais un pochon en coton biologique.<\/p>\n<div><\/div>\n","protected":false},"excerpt":{"rendered":"<p>Mule double bride. Simplement jolie et facile \u00e0 enfiler. Elle s&#8217;ajuste aux pieds les plus fins comme les plus forts, gr\u00e2ce \u00e0 sa boucle.\u00a0 Cette semelle apporte\u00a0l\u00e9g\u00e8ret\u00e9\u00a0\u00e0 la chaussure; ainsi qu&#8217;un plus\u00a0grand confort\u00a0et stabilit\u00e9 en cas de pluie. Pour limiter les d\u00e9chets,\u00a0nous pr\u00e9f\u00e9rons ne pas fournir de bo\u00eete \u00e0 nos sandales mais un pochon en [&hellip;]<\/p>\n","protected":false},"featured_media":701131,"comment_status":"open","ping_status":"closed","template":"","meta":[],"product_brand":[],"product_cat":[1756,1763],"product_tag":[2244],"acf":[],"_links":{"self":[{"href":"https:\/\/streetmarkets.fr\/app\/wp-json\/wp\/v2\/product\/701130"}],"collection":[{"href":"https:\/\/streetmarkets.fr\/app\/wp-json\/wp\/v2\/product"}],"about":[{"href":"https:\/\/streetmarkets.fr\/app\/wp-json\/wp\/v2\/types\/product"}],"replies":[{"embeddable":true,"href":"https:\/\/streetmarkets.fr\/app\/wp-json\/wp\/v2\/comments?post=701130"}],"wp:featuredmedia":[{"embeddable":true,"href":"https:\/\/streetmarkets.fr\/app\/wp-json\/wp\/v2\/media\/701131"}],"wp:attachment":[{"href":"https:\/\/streetmarkets.fr\/app\/wp-json\/wp\/v2\/media?parent=701130"}],"wp:term":[{"taxonomy":"product_brand","embeddable":true,"href":"https:\/\/streetmarkets.fr\/app\/wp-json\/wp\/v2\/product_brand?post=701130"},{"taxonomy":"product_cat","embeddable":true,"href":"https:\/\/streetmarkets.fr\/app\/wp-json\/wp\/v2\/product_cat?post=701130"},{"taxonomy":"product_tag","embeddable":true,"href":"https:\/\/streetmarkets.fr\/app\/wp-json\/wp\/v2\/product_tag?post=701130"}],"curies":[{"name":"wp","href":"https:\/\/api.w.org\/{rel}","templated":true}]}}