{"id":701078,"date":"2024-10-15T10:26:27","date_gmt":"2024-10-15T08:26:27","guid":{"rendered":"https:\/\/streetmarkets.fr\/app\/produit\/pantalon-sailor\/"},"modified":"2024-10-15T10:27:12","modified_gmt":"2024-10-15T08:27:12","slug":"pantalon-sailor","status":"publish","type":"product","link":"https:\/\/streetmarkets.fr\/app\/produit\/pantalon-sailor\/","title":{"rendered":"Pantalon Sailor"},"content":{"rendered":"<p>Pantalon Sailor Mamamushi Studio durable et \u00e9thique \u2713 Livraison rapide &amp; paiement en x3 ou x4.<\/p>\n<p>Pantalon \u00e0 pont taille haute. Un basique de la marque Mamamushi.<\/p>\n<p>Ce pantalon \u00e0 pont, basique de la marque Mamamushi, existe en trois diff\u00e9rents mod\u00e8les.<\/p>\n<p>En version serg\u00e9 de coton blanc ou noir et en jean fonc\u00e9.<\/p>\n<p>Sa taille haute \u00e9pouse joliment les formes. Ses jambes larges lui donne du volume et du confort. Sa longueur l\u00e9g\u00e8rement 7\/8 \u00e8me lui permet de bien s&#8217;allier avec des sandales en et\u00e9 et des mocassins ou des bottines en hiver.<\/p>\n<p>Ouverture zip sur le c\u00f4t\u00e9 et poche c\u00f4t\u00e9 gauche.<\/p>\n<p>La version serg\u00e9 a des boutons mettaliques dor\u00e9s.<\/p>\n<p>Mati\u00e8re: 100% coton<\/p>\n<p>Lavage en machine : 30\u00b0C conseill\u00e9<\/p>\n<p>Marque : Mamamushi Studio<\/p>\n<p>Cette pi\u00e8ce est fabriqu\u00e9e en collaboration avec un petit atelier de Jaipur avec qui nous travaillons depuis plusieurs ann\u00e9es.<\/p>\n<p>Toutes les pi\u00e8ces Mamamushi sont con\u00e7ues en collaboration avec des ateliers, des artisans et des prestataires qui travaillent avec la m\u00eame philosophie que nous: penser \u00e9thique et \u00e9quitable.<\/p>\n","protected":false},"excerpt":{"rendered":"<p>Pantalon Sailor Mamamushi Studio durable et \u00e9thique \u2713 Livraison rapide &amp; paiement en x3 ou x4. Pantalon \u00e0 pont taille haute. Un basique de la marque Mamamushi. Ce pantalon \u00e0 pont, basique de la marque Mamamushi, existe en trois diff\u00e9rents mod\u00e8les. En version serg\u00e9 de coton blanc ou noir et en jean fonc\u00e9. Sa taille [&hellip;]<\/p>\n","protected":false},"featured_media":701079,"comment_status":"open","ping_status":"closed","template":"","meta":[],"product_brand":[],"product_cat":[1756,1762],"product_tag":[2244],"acf":[],"_links":{"self":[{"href":"https:\/\/streetmarkets.fr\/app\/wp-json\/wp\/v2\/product\/701078"}],"collection":[{"href":"https:\/\/streetmarkets.fr\/app\/wp-json\/wp\/v2\/product"}],"about":[{"href":"https:\/\/streetmarkets.fr\/app\/wp-json\/wp\/v2\/types\/product"}],"replies":[{"embeddable":true,"href":"https:\/\/streetmarkets.fr\/app\/wp-json\/wp\/v2\/comments?post=701078"}],"wp:featuredmedia":[{"embeddable":true,"href":"https:\/\/streetmarkets.fr\/app\/wp-json\/wp\/v2\/media\/701079"}],"wp:attachment":[{"href":"https:\/\/streetmarkets.fr\/app\/wp-json\/wp\/v2\/media?parent=701078"}],"wp:term":[{"taxonomy":"product_brand","embeddable":true,"href":"https:\/\/streetmarkets.fr\/app\/wp-json\/wp\/v2\/product_brand?post=701078"},{"taxonomy":"product_cat","embeddable":true,"href":"https:\/\/streetmarkets.fr\/app\/wp-json\/wp\/v2\/product_cat?post=701078"},{"taxonomy":"product_tag","embeddable":true,"href":"https:\/\/streetmarkets.fr\/app\/wp-json\/wp\/v2\/product_tag?post=701078"}],"curies":[{"name":"wp","href":"https:\/\/api.w.org\/{rel}","templated":true}]}}