{"id":701066,"date":"2024-10-15T10:26:26","date_gmt":"2024-10-15T08:26:26","guid":{"rendered":"https:\/\/streetmarkets.fr\/app\/produit\/surchemise-unisexe-dengri-jean-fonce\/"},"modified":"2024-10-15T10:27:11","modified_gmt":"2024-10-15T08:27:11","slug":"surchemise-unisexe-dengri-jean-fonce","status":"publish","type":"product","link":"https:\/\/streetmarkets.fr\/app\/produit\/surchemise-unisexe-dengri-jean-fonce\/","title":{"rendered":"Surchemise unisexe Dengri jean fonc\u00e9"},"content":{"rendered":"<p>Surchemise unisexe Dengri jean fonc\u00e9 Mamamushi Studio durable et \u00e9thique \u2713 Livraison rapide &amp; paiement en x3 ou x4.<\/p>\n<p>Cette blouse en coton fin reprend les codes du traditionnel bleu de chine appel\u00e9 Dengri.<\/p>\n<p>Export\u00e9 de Chine vers la France dans les ann\u00e9es 30, il s&#8217;est aussi introduit dans la culture tunisienne. Symbole gauchiste et mao\u00efste, l&#8217;uniforme est aujourd&#8217;hui port\u00e9 dans la vie de tous les jours, aussi bien par les hommes que par les femmes.<\/p>\n<p>Un clin d&#8217;\u0153il pour les amateurs du Dengri.<\/p>\n<p>Chemise en jean. Elle existe en deux coloris: jean brut ou jean clair.<\/p>\n<p>100% coton.<\/p>\n<p>Marque: Mamamushi Studio.<\/p>\n<p>Le mod\u00e8le existe aussi en version veste avec un coton plus \u00e9pais.<\/p><\/p>\n","protected":false},"excerpt":{"rendered":"<p>Surchemise unisexe Dengri jean fonc\u00e9 Mamamushi Studio durable et \u00e9thique \u2713 Livraison rapide &amp; paiement en x3 ou x4. Cette blouse en coton fin reprend les codes du traditionnel bleu de chine appel\u00e9 Dengri. Export\u00e9 de Chine vers la France dans les ann\u00e9es 30, il s&#8217;est aussi introduit dans la culture tunisienne. Symbole gauchiste et [&hellip;]<\/p>\n","protected":false},"featured_media":701067,"comment_status":"open","ping_status":"closed","template":"","meta":[],"product_brand":[],"product_cat":[1756,1762],"product_tag":[2244],"acf":[],"_links":{"self":[{"href":"https:\/\/streetmarkets.fr\/app\/wp-json\/wp\/v2\/product\/701066"}],"collection":[{"href":"https:\/\/streetmarkets.fr\/app\/wp-json\/wp\/v2\/product"}],"about":[{"href":"https:\/\/streetmarkets.fr\/app\/wp-json\/wp\/v2\/types\/product"}],"replies":[{"embeddable":true,"href":"https:\/\/streetmarkets.fr\/app\/wp-json\/wp\/v2\/comments?post=701066"}],"wp:featuredmedia":[{"embeddable":true,"href":"https:\/\/streetmarkets.fr\/app\/wp-json\/wp\/v2\/media\/701067"}],"wp:attachment":[{"href":"https:\/\/streetmarkets.fr\/app\/wp-json\/wp\/v2\/media?parent=701066"}],"wp:term":[{"taxonomy":"product_brand","embeddable":true,"href":"https:\/\/streetmarkets.fr\/app\/wp-json\/wp\/v2\/product_brand?post=701066"},{"taxonomy":"product_cat","embeddable":true,"href":"https:\/\/streetmarkets.fr\/app\/wp-json\/wp\/v2\/product_cat?post=701066"},{"taxonomy":"product_tag","embeddable":true,"href":"https:\/\/streetmarkets.fr\/app\/wp-json\/wp\/v2\/product_tag?post=701066"}],"curies":[{"name":"wp","href":"https:\/\/api.w.org\/{rel}","templated":true}]}}