{"id":701049,"date":"2024-10-15T10:26:25","date_gmt":"2024-10-15T08:26:25","guid":{"rendered":"https:\/\/streetmarkets.fr\/app\/produit\/jupe-janisse\/"},"modified":"2024-10-15T10:27:11","modified_gmt":"2024-10-15T08:27:11","slug":"jupe-janisse","status":"publish","type":"product","link":"https:\/\/streetmarkets.fr\/app\/produit\/jupe-janisse\/","title":{"rendered":"Jupe Janisse"},"content":{"rendered":"<p>Jupe Janisse Mamamushi Studio durable et \u00e9thique \u2713 Livraison rapide &amp; paiement en x3 ou x4.<\/p>\n<p>Jupe courte en denim casual, 100% coton \u00e0 porter inlassablement. Fermeture sur le devant par boutons m\u00e9talliques \u00a0et coutures visibles.<\/p>\n<p>Une pi\u00e8ce \u00e0 associer au top L\u00e9a en soie pour un look 100% \u00e9thique et slow-fashion.<\/p>\n<p>Conseils d&#8217;entretient: Lavage en machine 30\u00b0C<\/p>\n<p>Marque : Mamamushi-Studio<\/p>\n","protected":false},"excerpt":{"rendered":"<p>Jupe Janisse Mamamushi Studio durable et \u00e9thique \u2713 Livraison rapide &amp; paiement en x3 ou x4. Jupe courte en denim casual, 100% coton \u00e0 porter inlassablement. Fermeture sur le devant par boutons m\u00e9talliques \u00a0et coutures visibles. Une pi\u00e8ce \u00e0 associer au top L\u00e9a en soie pour un look 100% \u00e9thique et slow-fashion. Conseils d&#8217;entretient: Lavage [&hellip;]<\/p>\n","protected":false},"featured_media":701050,"comment_status":"open","ping_status":"closed","template":"","meta":[],"product_brand":[],"product_cat":[1756,1762],"product_tag":[2244],"acf":[],"_links":{"self":[{"href":"https:\/\/streetmarkets.fr\/app\/wp-json\/wp\/v2\/product\/701049"}],"collection":[{"href":"https:\/\/streetmarkets.fr\/app\/wp-json\/wp\/v2\/product"}],"about":[{"href":"https:\/\/streetmarkets.fr\/app\/wp-json\/wp\/v2\/types\/product"}],"replies":[{"embeddable":true,"href":"https:\/\/streetmarkets.fr\/app\/wp-json\/wp\/v2\/comments?post=701049"}],"wp:featuredmedia":[{"embeddable":true,"href":"https:\/\/streetmarkets.fr\/app\/wp-json\/wp\/v2\/media\/701050"}],"wp:attachment":[{"href":"https:\/\/streetmarkets.fr\/app\/wp-json\/wp\/v2\/media?parent=701049"}],"wp:term":[{"taxonomy":"product_brand","embeddable":true,"href":"https:\/\/streetmarkets.fr\/app\/wp-json\/wp\/v2\/product_brand?post=701049"},{"taxonomy":"product_cat","embeddable":true,"href":"https:\/\/streetmarkets.fr\/app\/wp-json\/wp\/v2\/product_cat?post=701049"},{"taxonomy":"product_tag","embeddable":true,"href":"https:\/\/streetmarkets.fr\/app\/wp-json\/wp\/v2\/product_tag?post=701049"}],"curies":[{"name":"wp","href":"https:\/\/api.w.org\/{rel}","templated":true}]}}