{"id":701045,"date":"2024-10-15T10:26:24","date_gmt":"2024-10-15T08:26:24","guid":{"rendered":"https:\/\/streetmarkets.fr\/app\/produit\/chouchou\/"},"modified":"2024-10-15T10:27:12","modified_gmt":"2024-10-15T08:27:12","slug":"chouchou-taille-unique-raye-vert","status":"publish","type":"product","link":"https:\/\/streetmarkets.fr\/app\/produit\/chouchou-taille-unique-raye-vert\/","title":{"rendered":"maillot de bain Kaki"},"content":{"rendered":"<p>maillot de bain Kaki Apnee Swimwear durable et \u00e9thique \u2713 Livraison rapide &amp; paiement en x3 ou x4.<\/p>\n<div><strong><span style=\"color:#444444;font-size:12px\">Maillot de bain Apn\u00e9e<\/span><\/strong><\/div>\n<div><\/div>\n<div><span style=\"color:#444444;font-size:12px\"> En polyester recycl\u00e9. Cordon de serrage et \u00e9lastique \u00e0 la taille. Il poss\u00e8de \u00e9galement une poche arri\u00e8re \u00e0 fermeture \u00e9clair.<\/span><\/div>\n<div><span style=\"color:#444444;font-size:12px\">Il est livr\u00e9 avec son sac de protection r\u00e9sistant \u00e0 l&#8217;eau.<\/span><\/div>\n<div><span style=\"color:#444444;font-size:12px\"><\/span><\/p>\n<ul>\n<li><span style=\"color:#444444;font-size:12px\">Maillot fabriqu\u00e9 avec soin au Portugal <\/span><\/li>\n<li><span style=\"color:#444444;font-size:12px\">Tomb\u00e9 parfait, ni trop large, ni trop moulant <\/span><\/li>\n<li><span style=\"color:#444444;font-size:12px\">Tissu haut de gamme\u00a0permettant un s\u00e9chage rapide sans \u00eatre trop fin ou froissable<\/span><\/li>\n<li><span style=\"color:#444444;font-size:12px\">Couleurs r\u00e9sistantes au chlore, au sel et au soleil<\/span><\/li>\n<\/ul>\n<\/div>\n","protected":false},"excerpt":{"rendered":"<p>maillot de bain Kaki Apnee Swimwear durable et \u00e9thique \u2713 Livraison rapide &amp; paiement en x3 ou x4. Maillot de bain Apn\u00e9e En polyester recycl\u00e9. Cordon de serrage et \u00e9lastique \u00e0 la taille. Il poss\u00e8de \u00e9galement une poche arri\u00e8re \u00e0 fermeture \u00e9clair. Il est livr\u00e9 avec son sac de protection r\u00e9sistant \u00e0 l&#8217;eau. Maillot fabriqu\u00e9 [&hellip;]<\/p>\n","protected":false},"featured_media":701034,"comment_status":"closed","ping_status":"closed","template":"","meta":[],"product_brand":[],"product_cat":[1756],"product_tag":[],"acf":[],"_links":{"self":[{"href":"https:\/\/streetmarkets.fr\/app\/wp-json\/wp\/v2\/product\/701045"}],"collection":[{"href":"https:\/\/streetmarkets.fr\/app\/wp-json\/wp\/v2\/product"}],"about":[{"href":"https:\/\/streetmarkets.fr\/app\/wp-json\/wp\/v2\/types\/product"}],"replies":[{"embeddable":true,"href":"https:\/\/streetmarkets.fr\/app\/wp-json\/wp\/v2\/comments?post=701045"}],"wp:featuredmedia":[{"embeddable":true,"href":"https:\/\/streetmarkets.fr\/app\/wp-json\/wp\/v2\/media\/701034"}],"wp:attachment":[{"href":"https:\/\/streetmarkets.fr\/app\/wp-json\/wp\/v2\/media?parent=701045"}],"wp:term":[{"taxonomy":"product_brand","embeddable":true,"href":"https:\/\/streetmarkets.fr\/app\/wp-json\/wp\/v2\/product_brand?post=701045"},{"taxonomy":"product_cat","embeddable":true,"href":"https:\/\/streetmarkets.fr\/app\/wp-json\/wp\/v2\/product_cat?post=701045"},{"taxonomy":"product_tag","embeddable":true,"href":"https:\/\/streetmarkets.fr\/app\/wp-json\/wp\/v2\/product_tag?post=701045"}],"curies":[{"name":"wp","href":"https:\/\/api.w.org\/{rel}","templated":true}]}}