{"id":701033,"date":"2024-10-15T10:26:24","date_gmt":"2024-10-15T08:26:24","guid":{"rendered":"https:\/\/streetmarkets.fr\/app\/produit\/chouchou\/"},"modified":"2024-10-15T10:27:11","modified_gmt":"2024-10-15T08:27:11","slug":"chouchou","status":"publish","type":"product","link":"https:\/\/streetmarkets.fr\/app\/produit\/chouchou\/","title":{"rendered":"Chouchou"},"content":{"rendered":"<p>Chouchou Mamamushi Studio durable et \u00e9thique \u2713 Livraison rapide &amp; paiement en x3 ou x4.<\/p>\n<p>Chouchou en 100% coton imprim\u00e9 artisanalement au tampon de bois.<\/p>\n<p>Imprim\u00e9 exclusif Mamamushi<\/p>\n<p>Fabriqu\u00e9 \u00e0 l&#8217;atelier de Paris<\/p>\n<p>Conseils d&#8217;entretient: Lavage en machine 30\u00b0C<\/p>\n<p>Marque : Mamamushi-Studio<\/p>\n","protected":false},"excerpt":{"rendered":"<p>Chouchou Mamamushi Studio durable et \u00e9thique \u2713 Livraison rapide &amp; paiement en x3 ou x4. Chouchou en 100% coton imprim\u00e9 artisanalement au tampon de bois. Imprim\u00e9 exclusif Mamamushi Fabriqu\u00e9 \u00e0 l&#8217;atelier de Paris Conseils d&#8217;entretient: Lavage en machine 30\u00b0C Marque : Mamamushi-Studio<\/p>\n","protected":false},"featured_media":701034,"comment_status":"open","ping_status":"closed","template":"","meta":[],"product_brand":[],"product_cat":[1756,1764],"product_tag":[2244],"acf":[],"_links":{"self":[{"href":"https:\/\/streetmarkets.fr\/app\/wp-json\/wp\/v2\/product\/701033"}],"collection":[{"href":"https:\/\/streetmarkets.fr\/app\/wp-json\/wp\/v2\/product"}],"about":[{"href":"https:\/\/streetmarkets.fr\/app\/wp-json\/wp\/v2\/types\/product"}],"replies":[{"embeddable":true,"href":"https:\/\/streetmarkets.fr\/app\/wp-json\/wp\/v2\/comments?post=701033"}],"wp:featuredmedia":[{"embeddable":true,"href":"https:\/\/streetmarkets.fr\/app\/wp-json\/wp\/v2\/media\/701034"}],"wp:attachment":[{"href":"https:\/\/streetmarkets.fr\/app\/wp-json\/wp\/v2\/media?parent=701033"}],"wp:term":[{"taxonomy":"product_brand","embeddable":true,"href":"https:\/\/streetmarkets.fr\/app\/wp-json\/wp\/v2\/product_brand?post=701033"},{"taxonomy":"product_cat","embeddable":true,"href":"https:\/\/streetmarkets.fr\/app\/wp-json\/wp\/v2\/product_cat?post=701033"},{"taxonomy":"product_tag","embeddable":true,"href":"https:\/\/streetmarkets.fr\/app\/wp-json\/wp\/v2\/product_tag?post=701033"}],"curies":[{"name":"wp","href":"https:\/\/api.w.org\/{rel}","templated":true}]}}