{"id":701026,"date":"2024-10-15T10:26:23","date_gmt":"2024-10-15T08:26:23","guid":{"rendered":"https:\/\/streetmarkets.fr\/app\/produit\/pantalon-jaffa-rouge\/"},"modified":"2024-10-15T10:27:11","modified_gmt":"2024-10-15T08:27:11","slug":"pantalon-jaffa-rouge","status":"publish","type":"product","link":"https:\/\/streetmarkets.fr\/app\/produit\/pantalon-jaffa-rouge\/","title":{"rendered":"Pantalon Jaffa rouge"},"content":{"rendered":"<p>Pantalon Jaffa rouge Mamamushi Studio durable et \u00e9thique \u2713 Livraison rapide &amp; paiement en x3 ou x4.<\/p>\n<p>Pantalon taille haute 100% laine rouge. Ouverture avec braguette sur le milieu devant.<\/p>\n<p>Fronces et parmenture \u00e0 la taille ferm\u00e9e par deux boutons m\u00e9talliques.<\/p>\n<p>Poches sur les c\u00f4t\u00e9s.<\/p>\n<p>S\u00e9rie limit\u00e9e.<br \/>Ne d\u00e9teint pas.<br \/>Lavage en machine programme laine.<\/p>\n","protected":false},"excerpt":{"rendered":"<p>Pantalon Jaffa rouge Mamamushi Studio durable et \u00e9thique \u2713 Livraison rapide &amp; paiement en x3 ou x4. Pantalon taille haute 100% laine rouge. Ouverture avec braguette sur le milieu devant. Fronces et parmenture \u00e0 la taille ferm\u00e9e par deux boutons m\u00e9talliques. Poches sur les c\u00f4t\u00e9s. S\u00e9rie limit\u00e9e.Ne d\u00e9teint pas.Lavage en machine programme laine.<\/p>\n","protected":false},"featured_media":701027,"comment_status":"open","ping_status":"closed","template":"","meta":[],"product_brand":[],"product_cat":[1756,1762],"product_tag":[2244],"acf":[],"_links":{"self":[{"href":"https:\/\/streetmarkets.fr\/app\/wp-json\/wp\/v2\/product\/701026"}],"collection":[{"href":"https:\/\/streetmarkets.fr\/app\/wp-json\/wp\/v2\/product"}],"about":[{"href":"https:\/\/streetmarkets.fr\/app\/wp-json\/wp\/v2\/types\/product"}],"replies":[{"embeddable":true,"href":"https:\/\/streetmarkets.fr\/app\/wp-json\/wp\/v2\/comments?post=701026"}],"wp:featuredmedia":[{"embeddable":true,"href":"https:\/\/streetmarkets.fr\/app\/wp-json\/wp\/v2\/media\/701027"}],"wp:attachment":[{"href":"https:\/\/streetmarkets.fr\/app\/wp-json\/wp\/v2\/media?parent=701026"}],"wp:term":[{"taxonomy":"product_brand","embeddable":true,"href":"https:\/\/streetmarkets.fr\/app\/wp-json\/wp\/v2\/product_brand?post=701026"},{"taxonomy":"product_cat","embeddable":true,"href":"https:\/\/streetmarkets.fr\/app\/wp-json\/wp\/v2\/product_cat?post=701026"},{"taxonomy":"product_tag","embeddable":true,"href":"https:\/\/streetmarkets.fr\/app\/wp-json\/wp\/v2\/product_tag?post=701026"}],"curies":[{"name":"wp","href":"https:\/\/api.w.org\/{rel}","templated":true}]}}