{"id":701019,"date":"2024-10-15T10:26:23","date_gmt":"2024-10-15T08:26:23","guid":{"rendered":"https:\/\/streetmarkets.fr\/app\/produit\/robe-delorean-noir\/"},"modified":"2024-10-15T10:27:11","modified_gmt":"2024-10-15T08:27:11","slug":"robe-delorean-noir","status":"publish","type":"product","link":"https:\/\/streetmarkets.fr\/app\/produit\/robe-delorean-noir\/","title":{"rendered":"Robe Delorean noir"},"content":{"rendered":"<p>Robe Delorean noir  durable et \u00e9thique \u2713 Livraison rapide &amp; paiement en x3 ou x4.<\/p>\n<p>Robe chemise en coton tiss\u00e9 main.<\/p>\n<p>Col classique avec pate de boutonnage et manches trois-quart.<\/p>\n<p>Poches sur les cot\u00e9s et ceinture \u00e0 la taille. Boutons en noix de coco.<\/p>\n<p>Cette piece est realis\u00e9e dans les ateliers de confection de l&#8217;association SEWA qui aide au developpement rural et qui apporte du travail aux femmes indiennes\u00a0dans les petits villages excentr\u00e9s.<\/p>\n<p>Nettoyage \u00e0 sec ou \u00e0 la main\/machine 30\u00b0C.<\/p>\n<p>Existe aussi en rouge, emeraude,sable et jean<\/p><\/p>\n","protected":false},"excerpt":{"rendered":"<p>Robe Delorean noir durable et \u00e9thique \u2713 Livraison rapide &amp; paiement en x3 ou x4. Robe chemise en coton tiss\u00e9 main. Col classique avec pate de boutonnage et manches trois-quart. Poches sur les cot\u00e9s et ceinture \u00e0 la taille. Boutons en noix de coco. Cette piece est realis\u00e9e dans les ateliers de confection de l&#8217;association [&hellip;]<\/p>\n","protected":false},"featured_media":701020,"comment_status":"open","ping_status":"closed","template":"","meta":[],"product_brand":[],"product_cat":[1756,1762],"product_tag":[2244],"acf":[],"_links":{"self":[{"href":"https:\/\/streetmarkets.fr\/app\/wp-json\/wp\/v2\/product\/701019"}],"collection":[{"href":"https:\/\/streetmarkets.fr\/app\/wp-json\/wp\/v2\/product"}],"about":[{"href":"https:\/\/streetmarkets.fr\/app\/wp-json\/wp\/v2\/types\/product"}],"replies":[{"embeddable":true,"href":"https:\/\/streetmarkets.fr\/app\/wp-json\/wp\/v2\/comments?post=701019"}],"wp:featuredmedia":[{"embeddable":true,"href":"https:\/\/streetmarkets.fr\/app\/wp-json\/wp\/v2\/media\/701020"}],"wp:attachment":[{"href":"https:\/\/streetmarkets.fr\/app\/wp-json\/wp\/v2\/media?parent=701019"}],"wp:term":[{"taxonomy":"product_brand","embeddable":true,"href":"https:\/\/streetmarkets.fr\/app\/wp-json\/wp\/v2\/product_brand?post=701019"},{"taxonomy":"product_cat","embeddable":true,"href":"https:\/\/streetmarkets.fr\/app\/wp-json\/wp\/v2\/product_cat?post=701019"},{"taxonomy":"product_tag","embeddable":true,"href":"https:\/\/streetmarkets.fr\/app\/wp-json\/wp\/v2\/product_tag?post=701019"}],"curies":[{"name":"wp","href":"https:\/\/api.w.org\/{rel}","templated":true}]}}