{"id":701008,"date":"2024-10-15T10:26:22","date_gmt":"2024-10-15T08:26:22","guid":{"rendered":"https:\/\/streetmarkets.fr\/app\/produit\/debardeur-moka\/"},"modified":"2024-10-15T10:27:11","modified_gmt":"2024-10-15T08:27:11","slug":"debardeur-moka","status":"publish","type":"product","link":"https:\/\/streetmarkets.fr\/app\/produit\/debardeur-moka\/","title":{"rendered":"Debardeur Moka"},"content":{"rendered":"<p>Debardeur Moka  durable et \u00e9thique \u2713 Livraison rapide &amp; paiement en x3 ou x4.<\/p>\n<p>Debardeur en coton et Tencel.<\/p>\n<p><span class=\"&quot;&quot;&quot;&quot;&quot;&quot;&quot;&quot;&quot;&quot;&quot;fbPhotosPhotoCaption&quot;&quot;&quot;&quot;&quot;&quot;&quot;&quot;&quot;&quot;&quot;\"><span class=\"&quot;&quot;&quot;&quot;&quot;&quot;&quot;&quot;&quot;&quot;&quot;hasCaption&quot;&quot;&quot;&quot;&quot;&quot;&quot;&quot;&quot;&quot;&quot;\">Motif imprim\u00e9 au tampon de bois \u00e0 Jaipur. <\/span><\/span><\/p>\n<p>Lavable en machine 30\u00b0C.<\/p>\n<p>La societe de production avec qui collabore Mamamushi pour cette ligne a mis en place un programme de responsabilit\u00e9 sociale proactif en tant que membre de la Fair Wear Foundation depuis d\u00e9but 2006.<\/p>\n<p><span class=\"&quot;&quot;&quot;&quot;&quot;&quot;&quot;&quot;&quot;&quot;&quot;fbPhotosPhotoCaption&quot;&quot;&quot;&quot;&quot;&quot;&quot;&quot;&quot;&quot;&quot;\"><span class=\"&quot;&quot;&quot;&quot;&quot;&quot;&quot;&quot;&quot;&quot;&quot;hasCaption&quot;&quot;&quot;&quot;&quot;&quot;&quot;&quot;&quot;&quot;&quot;\"><br \/>Customis\u00e9 \u00e0 l&#8217;atelier Mamamushi \u00e0 Paris.<\/span><\/span><\/p>\n","protected":false},"excerpt":{"rendered":"<p>Debardeur Moka durable et \u00e9thique \u2713 Livraison rapide &amp; paiement en x3 ou x4. Debardeur en coton et Tencel. Motif imprim\u00e9 au tampon de bois \u00e0 Jaipur. Lavable en machine 30\u00b0C. La societe de production avec qui collabore Mamamushi pour cette ligne a mis en place un programme de responsabilit\u00e9 sociale proactif en tant que [&hellip;]<\/p>\n","protected":false},"featured_media":701009,"comment_status":"open","ping_status":"closed","template":"","meta":[],"product_brand":[],"product_cat":[1756,1762],"product_tag":[2244],"acf":[],"_links":{"self":[{"href":"https:\/\/streetmarkets.fr\/app\/wp-json\/wp\/v2\/product\/701008"}],"collection":[{"href":"https:\/\/streetmarkets.fr\/app\/wp-json\/wp\/v2\/product"}],"about":[{"href":"https:\/\/streetmarkets.fr\/app\/wp-json\/wp\/v2\/types\/product"}],"replies":[{"embeddable":true,"href":"https:\/\/streetmarkets.fr\/app\/wp-json\/wp\/v2\/comments?post=701008"}],"wp:featuredmedia":[{"embeddable":true,"href":"https:\/\/streetmarkets.fr\/app\/wp-json\/wp\/v2\/media\/701009"}],"wp:attachment":[{"href":"https:\/\/streetmarkets.fr\/app\/wp-json\/wp\/v2\/media?parent=701008"}],"wp:term":[{"taxonomy":"product_brand","embeddable":true,"href":"https:\/\/streetmarkets.fr\/app\/wp-json\/wp\/v2\/product_brand?post=701008"},{"taxonomy":"product_cat","embeddable":true,"href":"https:\/\/streetmarkets.fr\/app\/wp-json\/wp\/v2\/product_cat?post=701008"},{"taxonomy":"product_tag","embeddable":true,"href":"https:\/\/streetmarkets.fr\/app\/wp-json\/wp\/v2\/product_tag?post=701008"}],"curies":[{"name":"wp","href":"https:\/\/api.w.org\/{rel}","templated":true}]}}