{"id":701001,"date":"2024-10-15T10:26:22","date_gmt":"2024-10-15T08:26:22","guid":{"rendered":"https:\/\/streetmarkets.fr\/app\/produit\/chemise-penelope-yellow-stripes\/"},"modified":"2024-10-15T10:27:10","modified_gmt":"2024-10-15T08:27:10","slug":"chemise-penelope-yellow-stripes","status":"publish","type":"product","link":"https:\/\/streetmarkets.fr\/app\/produit\/chemise-penelope-yellow-stripes\/","title":{"rendered":"Chemise Penelope yellow stripes"},"content":{"rendered":"<p>Chemise Penelope yellow stripes Mamamushi Studio durable et \u00e9thique \u2713 Livraison rapide &amp; paiement en x3 ou x4.<\/p>\n<p>Chemise manches courtes coupe ample. D\u00e9coupe au dos et poche sur le devant.\u00a0\u00a0<\/p>\n<p>100% coton.\u00a0<\/p>\n<p>Boutons en noix de coco.<\/p>\n<p>Motif imprim\u00e9 \u00e0 la main au tampon de bois \u00e0 Jaipur.<\/p>\n<p>Lavage en machine : 30\u00b0C<\/p>\n<p>Cette pi\u00e8ce est confectionn\u00e9e \u00e0 Jaipur.<\/p>\n","protected":false},"excerpt":{"rendered":"<p>Chemise Penelope yellow stripes Mamamushi Studio durable et \u00e9thique \u2713 Livraison rapide &amp; paiement en x3 ou x4. Chemise manches courtes coupe ample. D\u00e9coupe au dos et poche sur le devant.\u00a0\u00a0 100% coton.\u00a0 Boutons en noix de coco. Motif imprim\u00e9 \u00e0 la main au tampon de bois \u00e0 Jaipur. Lavage en machine : 30\u00b0C Cette [&hellip;]<\/p>\n","protected":false},"featured_media":701002,"comment_status":"open","ping_status":"closed","template":"","meta":[],"product_brand":[],"product_cat":[1756,1762],"product_tag":[2244],"acf":[],"_links":{"self":[{"href":"https:\/\/streetmarkets.fr\/app\/wp-json\/wp\/v2\/product\/701001"}],"collection":[{"href":"https:\/\/streetmarkets.fr\/app\/wp-json\/wp\/v2\/product"}],"about":[{"href":"https:\/\/streetmarkets.fr\/app\/wp-json\/wp\/v2\/types\/product"}],"replies":[{"embeddable":true,"href":"https:\/\/streetmarkets.fr\/app\/wp-json\/wp\/v2\/comments?post=701001"}],"wp:featuredmedia":[{"embeddable":true,"href":"https:\/\/streetmarkets.fr\/app\/wp-json\/wp\/v2\/media\/701002"}],"wp:attachment":[{"href":"https:\/\/streetmarkets.fr\/app\/wp-json\/wp\/v2\/media?parent=701001"}],"wp:term":[{"taxonomy":"product_brand","embeddable":true,"href":"https:\/\/streetmarkets.fr\/app\/wp-json\/wp\/v2\/product_brand?post=701001"},{"taxonomy":"product_cat","embeddable":true,"href":"https:\/\/streetmarkets.fr\/app\/wp-json\/wp\/v2\/product_cat?post=701001"},{"taxonomy":"product_tag","embeddable":true,"href":"https:\/\/streetmarkets.fr\/app\/wp-json\/wp\/v2\/product_tag?post=701001"}],"curies":[{"name":"wp","href":"https:\/\/api.w.org\/{rel}","templated":true}]}}